{"id":1267,"date":"2024-11-20T14:17:25","date_gmt":"2024-11-20T14:17:25","guid":{"rendered":"https:\/\/dev.treativa.it\/bozze\/albano\/neuigkeiten\/"},"modified":"2025-06-03T15:53:53","modified_gmt":"2025-06-03T15:53:53","slug":"neuigkeiten","status":"publish","type":"page","link":"https:\/\/salumeriadaalbano.it\/de\/neuigkeiten\/","title":{"rendered":"Neuigkeiten"},"content":{"rendered":"\t\t<div data-elementor-type=\"wp-page\" data-elementor-id=\"1267\" class=\"elementor elementor-1267 elementor-147\" data-elementor-post-type=\"page\">\n\t\t\t\t<div class=\"elementor-element elementor-element-26ea07a8 e-flex e-con-boxed e-con e-parent\" data-id=\"26ea07a8\" data-element_type=\"container\" data-e-type=\"container\" data-settings=\"{&quot;background_background&quot;:&quot;classic&quot;}\">\n\t\t\t\t\t<div class=\"e-con-inner\">\n\t\t<div class=\"elementor-element elementor-element-53b868cf e-flex e-con-boxed e-con e-child\" data-id=\"53b868cf\" data-element_type=\"container\" data-e-type=\"container\">\n\t\t\t\t\t<div class=\"e-con-inner\">\n\t\t\t\t<div class=\"elementor-element elementor-element-5c1dc6a1 elementor-invisible elementor-widget elementor-widget-heading\" data-id=\"5c1dc6a1\" data-element_type=\"widget\" data-e-type=\"widget\" data-settings=\"{&quot;_animation&quot;:&quot;fadeInUp&quot;}\" data-widget_type=\"heading.default\">\n\t\t\t\t<div class=\"elementor-widget-container\">\n\t\t\t\t\t<h1 class=\"elementor-heading-title elementor-size-default\">Neuigkeiten<\/h1>\t\t\t\t<\/div>\n\t\t\t\t<\/div>\n\t\t\t\t\t<\/div>\n\t\t\t\t<\/div>\n\t\t\t\t\t<\/div>\n\t\t\t\t<\/div>\n\t\t<div class=\"elementor-element elementor-element-fa08eee e-flex e-con-boxed e-con e-parent\" data-id=\"fa08eee\" data-element_type=\"container\" data-e-type=\"container\">\n\t\t\t\t\t<div class=\"e-con-inner\">\n\t\t\t\t<div class=\"elementor-element elementor-element-87ccf25 upk-primary-meta-end-position--yes elementor-widget elementor-widget-upk-alter-grid\" data-id=\"87ccf25\" data-element_type=\"widget\" data-e-type=\"widget\" data-widget_type=\"upk-alter-grid.default\">\n\t\t\t\t<div class=\"elementor-widget-container\">\n\t\t\t\t\t\n\t\t<div class=\"upk-alter-grid upk-ajax-grid\" data-loadmore=\"[]\">\n\t\t\t<div class=\"upk-post-grid upk-ajax-grid-wrap upk-style-1\">\n\n\t\t\t\t\n\t\t\t\t\t\t\t<div class=\"upk-item\">\n\t\t\t<div class=\"upk-item-box\">\n\t\t\t\t<div class=\"upk-img-wrap\">\n\t\t\t\t\t<div class=\"upk-main-img\">\n\t\t\t\t\t\t<img fetchpriority=\"high\" decoding=\"async\" width=\"300\" height=\"300\" src=\"https:\/\/salumeriadaalbano.it\/wp-content\/uploads\/2024\/11\/le-nostre-selezioni-ideali-per-picnic-300x300.jpg\" class=\"upk-img\" alt=\"Sommergeschmack: unsere ideale Auswahl f\u00fcr Picknicks, Grillabende und Tage im Freien\" srcset=\"https:\/\/salumeriadaalbano.it\/wp-content\/uploads\/2024\/11\/le-nostre-selezioni-ideali-per-picnic-300x300.jpg 300w, https:\/\/salumeriadaalbano.it\/wp-content\/uploads\/2024\/11\/le-nostre-selezioni-ideali-per-picnic-1024x1024.jpg 1024w, https:\/\/salumeriadaalbano.it\/wp-content\/uploads\/2024\/11\/le-nostre-selezioni-ideali-per-picnic-150x150.jpg 150w, https:\/\/salumeriadaalbano.it\/wp-content\/uploads\/2024\/11\/le-nostre-selezioni-ideali-per-picnic-768x768.jpg 768w, https:\/\/salumeriadaalbano.it\/wp-content\/uploads\/2024\/11\/le-nostre-selezioni-ideali-per-picnic.jpg 1500w\" sizes=\"(max-width: 300px) 100vw, 300px\" \/>\t\t\t\t\t\t\t\t\t\t\t\t\t\t\t\t\t<\/div>\n\t\t\t\t<\/div>\n\n\t\t\t\t<div class=\"upk-content\">\n\t\t\t\t\t<div>\n\n\t\t\t\t\t\t\n\t\t\t\t\t\t<h3 class=\"upk-title\"><a href=\"https:\/\/salumeriadaalbano.it\/de\/2025\/05\/26\/sommergeschmack-unsere-ideale-auswahl-fuer-picknicks-grillabende-und-tage-im-freien\/\" title=\"Sommergeschmack: unsere ideale Auswahl f\u00fcr Picknicks, Grillabende und Tage im Freien\" class=\"title-animation-underline\" aria-label=\"Sommergeschmack: unsere ideale Auswahl f\u00fcr Picknicks, Grillabende und Tage im Freien\">Sommergeschmack: unsere ideale Auswahl f\u00fcr Picknicks, Grillabende und Tage im Freien<\/a><\/h3>\t\t\t\t\t\t<div class=\"upk-text-wrap\">\n\t\t\t\t\t\t\t\t\t<div class=\"upk-text\">\n\t\t\t<p>Der Sommer ist da \u2013 mit ihm die Lust, drau\u00dfen zu sein, die freie Zeit zu genie\u00dfen und sich den einfachen Freuden der guten K\u00fcche hinzugeben. Ob ein Tag am Strand in Lignano oder Bibione, ein Ausflug ins Gr\u00fcne oder ein Abendessen im Garten mit Freunden \u2013 echte Aromen d\u00fcrfen nicht fehlen. <\/p>\n\t\t<\/div>\n\t\t\t\t\t\t\t\t\t\t\t\t\t\t\t<\/div>\n\n\t\t\t\t\t\t\t\t\t\t\t\t\t<div class=\"upk-meta\">\n\t\t\t\t\t\t\t\t\t\t\t\t\t\t\t\t\t\t\t\t\t\t\t\t\t<div data-separator=\"|\">\n\t\t\t\t\t\t\t\t\t\t\t\t<div class=\"upk-date\">\n\t\t\t26. Mai 2025\t\t<\/div>\n\n\t\t\t\t\t\t\t\t\t\t\t\t<\/div>\n\t\t\t\t\t\t\t\t\n\t\t\t\t\t\t\t\t\t\t\t\t\t\t\t<\/div>\n\t\t\t\t\t\t\n\t\t\t\t\t<\/div>\n\t\t\t\t<\/div>\n\n\t\t\t<\/div>\n\t\t<\/div>\n\t\n\t\t\t\t\n\t\t\t\t\t\t\t<div class=\"upk-item\">\n\t\t\t<div class=\"upk-item-box\">\n\t\t\t\t<div class=\"upk-img-wrap\">\n\t\t\t\t\t<div class=\"upk-main-img\">\n\t\t\t\t\t\t<img decoding=\"async\" width=\"300\" height=\"300\" src=\"https:\/\/salumeriadaalbano.it\/wp-content\/uploads\/2024\/11\/scegli-il-tuo-cestino-da-viaggio-300x300.jpg\" class=\"upk-img\" alt=\"Nimm Friaul mit: Stell dir deinen Reisekorb zusammen!\" srcset=\"https:\/\/salumeriadaalbano.it\/wp-content\/uploads\/2024\/11\/scegli-il-tuo-cestino-da-viaggio-300x300.jpg 300w, https:\/\/salumeriadaalbano.it\/wp-content\/uploads\/2024\/11\/scegli-il-tuo-cestino-da-viaggio-1024x1024.jpg 1024w, https:\/\/salumeriadaalbano.it\/wp-content\/uploads\/2024\/11\/scegli-il-tuo-cestino-da-viaggio-150x150.jpg 150w, https:\/\/salumeriadaalbano.it\/wp-content\/uploads\/2024\/11\/scegli-il-tuo-cestino-da-viaggio-768x768.jpg 768w, https:\/\/salumeriadaalbano.it\/wp-content\/uploads\/2024\/11\/scegli-il-tuo-cestino-da-viaggio-1536x1536.jpg 1536w, https:\/\/salumeriadaalbano.it\/wp-content\/uploads\/2024\/11\/scegli-il-tuo-cestino-da-viaggio.jpg 1756w\" sizes=\"(max-width: 300px) 100vw, 300px\" \/>\t\t\t\t\t\t\t\t\t\t\t\t\t\t\t\t\t<\/div>\n\t\t\t\t<\/div>\n\n\t\t\t\t<div class=\"upk-content\">\n\t\t\t\t\t<div>\n\n\t\t\t\t\t\t\n\t\t\t\t\t\t<h3 class=\"upk-title\"><a href=\"https:\/\/salumeriadaalbano.it\/de\/2025\/05\/04\/nimm-friaul-mit-stell-dir-deinen-reisekorb-zusammen\/\" title=\"Nimm Friaul mit: Stell dir deinen Reisekorb zusammen!\" class=\"title-animation-underline\" aria-label=\"Nimm Friaul mit: Stell dir deinen Reisekorb zusammen!\">Nimm Friaul mit: Stell dir deinen Reisekorb zusammen!<\/a><\/h3>\t\t\t\t\t\t<div class=\"upk-text-wrap\">\n\t\t\t\t\t\t\t\t\t<div class=\"upk-text\">\n\t\t\t<p>Urlaub in Lignano oder Bibione? In der Salumeria da Albano kannst du dir deinen pers\u00f6nlichen Genusskorb mit den authentischen Aromen Friauls zusammenstellen \u2013 perfekt f\u00fcr den Urlaub oder als besonderes Andenken f\u00fcr zu Hause. <\/p>\n\t\t<\/div>\n\t\t\t\t\t\t\t\t\t\t\t\t\t\t\t<\/div>\n\n\t\t\t\t\t\t\t\t\t\t\t\t\t<div class=\"upk-meta\">\n\t\t\t\t\t\t\t\t\t\t\t\t\t\t\t\t\t\t\t\t\t\t\t\t\t<div data-separator=\"|\">\n\t\t\t\t\t\t\t\t\t\t\t\t<div class=\"upk-date\">\n\t\t\t4. Mai 2025\t\t<\/div>\n\n\t\t\t\t\t\t\t\t\t\t\t\t<\/div>\n\t\t\t\t\t\t\t\t\n\t\t\t\t\t\t\t\t\t\t\t\t\t\t\t<\/div>\n\t\t\t\t\t\t\n\t\t\t\t\t<\/div>\n\t\t\t\t<\/div>\n\n\t\t\t<\/div>\n\t\t<\/div>\n\t\n\t\t\t\t\n\t\t\t\t\t\t\t<div class=\"upk-item\">\n\t\t\t<div class=\"upk-item-box\">\n\t\t\t\t<div class=\"upk-img-wrap\">\n\t\t\t\t\t<div class=\"upk-main-img\">\n\t\t\t\t\t\t<img decoding=\"async\" width=\"300\" height=\"300\" src=\"https:\/\/salumeriadaalbano.it\/wp-content\/uploads\/2024\/11\/le-nostre-box-per-aziende-ed-eventi-speciali-300x300.jpg\" class=\"upk-img\" alt=\"Ma\u00dfgeschneiderte Geschenke mit Geschmack: Unsere Boxen f\u00fcr Unternehmen und besondere Anl\u00e4sse\" srcset=\"https:\/\/salumeriadaalbano.it\/wp-content\/uploads\/2024\/11\/le-nostre-box-per-aziende-ed-eventi-speciali-300x300.jpg 300w, https:\/\/salumeriadaalbano.it\/wp-content\/uploads\/2024\/11\/le-nostre-box-per-aziende-ed-eventi-speciali-1024x1024.jpg 1024w, https:\/\/salumeriadaalbano.it\/wp-content\/uploads\/2024\/11\/le-nostre-box-per-aziende-ed-eventi-speciali-150x150.jpg 150w, https:\/\/salumeriadaalbano.it\/wp-content\/uploads\/2024\/11\/le-nostre-box-per-aziende-ed-eventi-speciali-768x768.jpg 768w, https:\/\/salumeriadaalbano.it\/wp-content\/uploads\/2024\/11\/le-nostre-box-per-aziende-ed-eventi-speciali.jpg 1536w\" sizes=\"(max-width: 300px) 100vw, 300px\" \/>\t\t\t\t\t\t\t\t\t\t\t\t\t\t\t\t\t<\/div>\n\t\t\t\t<\/div>\n\n\t\t\t\t<div class=\"upk-content\">\n\t\t\t\t\t<div>\n\n\t\t\t\t\t\t\n\t\t\t\t\t\t<h3 class=\"upk-title\"><a href=\"https:\/\/salumeriadaalbano.it\/de\/2025\/04\/10\/massgeschneiderte-geschenke-mit-geschmack-unsere-boxen-fuer-unternehmen-und-besondere-anlaesse\/\" title=\"Ma\u00dfgeschneiderte Geschenke mit Geschmack: Unsere Boxen f\u00fcr Unternehmen und besondere Anl\u00e4sse\" class=\"title-animation-underline\" aria-label=\"Ma\u00dfgeschneiderte Geschenke mit Geschmack: Unsere Boxen f\u00fcr Unternehmen und besondere Anl\u00e4sse\">Ma\u00dfgeschneiderte Geschenke mit Geschmack: Unsere Boxen f\u00fcr Unternehmen und besondere Anl\u00e4sse<\/a><\/h3>\t\t\t\t\t\t<div class=\"upk-text-wrap\">\n\t\t\t\t\t\t\t\t\t<div class=\"upk-text\">\n\t\t\t<p>Suchst du eine originelle, elegante und authentische Geschenkidee, die in Erinnerung bleibt?<br \/>In der Salumeria da Albano gestalten wir individuelle Geschenkboxen mit den besten Produkten aus unserer Region. <\/p>\n\t\t<\/div>\n\t\t\t\t\t\t\t\t\t\t\t\t\t\t\t<\/div>\n\n\t\t\t\t\t\t\t\t\t\t\t\t\t<div class=\"upk-meta\">\n\t\t\t\t\t\t\t\t\t\t\t\t\t\t\t\t\t\t\t\t\t\t\t\t\t<div data-separator=\"|\">\n\t\t\t\t\t\t\t\t\t\t\t\t<div class=\"upk-date\">\n\t\t\t10. April 2025\t\t<\/div>\n\n\t\t\t\t\t\t\t\t\t\t\t\t<\/div>\n\t\t\t\t\t\t\t\t\n\t\t\t\t\t\t\t\t\t\t\t\t\t\t\t<\/div>\n\t\t\t\t\t\t\n\t\t\t\t\t<\/div>\n\t\t\t\t<\/div>\n\n\t\t\t<\/div>\n\t\t<\/div>\n\t\n\t\t\t\t\t\t\t<\/div>\n\t\t<\/div>\n\n\t\t\n\t\t\t\t\t\t<\/div>\n\t\t\t\t<\/div>\n\t\t\t\t\t<\/div>\n\t\t\t\t<\/div>\n\t\t\t\t<\/div>\n\t\t","protected":false},"excerpt":{"rendered":"<p>Neuigkeiten<\/p>\n","protected":false},"author":1,"featured_media":0,"parent":0,"menu_order":0,"comment_status":"closed","ping_status":"closed","template":"","meta":{"footnotes":""},"class_list":["post-1267","page","type-page","status-publish","hentry"],"yoast_head":"<!-- This site is optimized with the Yoast SEO plugin v27.3 - https:\/\/yoast.com\/product\/yoast-seo-wordpress\/ -->\n<title>Neuigkeiten - Salumeria da Albano - Eccellenze del gusto artigianale friulano<\/title>\n<meta name=\"robots\" content=\"index, follow, max-snippet:-1, max-image-preview:large, max-video-preview:-1\" \/>\n<link rel=\"canonical\" href=\"https:\/\/salumeriadaalbano.it\/de\/neuigkeiten\/\" \/>\n<meta property=\"og:locale\" content=\"de_DE\" \/>\n<meta property=\"og:type\" content=\"article\" \/>\n<meta property=\"og:title\" content=\"Neuigkeiten - Salumeria da Albano - Eccellenze del gusto artigianale friulano\" \/>\n<meta property=\"og:description\" content=\"Neuigkeiten\" \/>\n<meta property=\"og:url\" content=\"https:\/\/salumeriadaalbano.it\/de\/neuigkeiten\/\" \/>\n<meta property=\"og:site_name\" content=\"Salumeria da Albano - Eccellenze del gusto artigianale friulano\" \/>\n<meta property=\"article:modified_time\" content=\"2025-06-03T15:53:53+00:00\" \/>\n<meta name=\"twitter:card\" content=\"summary_large_image\" \/>\n<script type=\"application\/ld+json\" class=\"yoast-schema-graph\">{\"@context\":\"https:\\\/\\\/schema.org\",\"@graph\":[{\"@type\":\"WebPage\",\"@id\":\"https:\\\/\\\/salumeriadaalbano.it\\\/de\\\/neuigkeiten\\\/\",\"url\":\"https:\\\/\\\/salumeriadaalbano.it\\\/de\\\/neuigkeiten\\\/\",\"name\":\"Neuigkeiten - Salumeria da Albano - Eccellenze del gusto artigianale friulano\",\"isPartOf\":{\"@id\":\"https:\\\/\\\/salumeriadaalbano.it\\\/de\\\/#website\"},\"datePublished\":\"2024-11-20T14:17:25+00:00\",\"dateModified\":\"2025-06-03T15:53:53+00:00\",\"breadcrumb\":{\"@id\":\"https:\\\/\\\/salumeriadaalbano.it\\\/de\\\/neuigkeiten\\\/#breadcrumb\"},\"inLanguage\":\"de\",\"potentialAction\":[{\"@type\":\"ReadAction\",\"target\":[\"https:\\\/\\\/salumeriadaalbano.it\\\/de\\\/neuigkeiten\\\/\"]}]},{\"@type\":\"BreadcrumbList\",\"@id\":\"https:\\\/\\\/salumeriadaalbano.it\\\/de\\\/neuigkeiten\\\/#breadcrumb\",\"itemListElement\":[{\"@type\":\"ListItem\",\"position\":1,\"name\":\"Home\",\"item\":\"https:\\\/\\\/salumeriadaalbano.it\\\/de\\\/\"},{\"@type\":\"ListItem\",\"position\":2,\"name\":\"Neuigkeiten\"}]},{\"@type\":\"WebSite\",\"@id\":\"https:\\\/\\\/salumeriadaalbano.it\\\/de\\\/#website\",\"url\":\"https:\\\/\\\/salumeriadaalbano.it\\\/de\\\/\",\"name\":\"Salumeria da Albano - Sapori Autentici del Friuli dal 1961\",\"description\":\"Prodotti tipici friulani selezionati con passione\",\"publisher\":{\"@id\":\"https:\\\/\\\/salumeriadaalbano.it\\\/de\\\/#organization\"},\"potentialAction\":[{\"@type\":\"SearchAction\",\"target\":{\"@type\":\"EntryPoint\",\"urlTemplate\":\"https:\\\/\\\/salumeriadaalbano.it\\\/de\\\/?s={search_term_string}\"},\"query-input\":{\"@type\":\"PropertyValueSpecification\",\"valueRequired\":true,\"valueName\":\"search_term_string\"}}],\"inLanguage\":\"de\"},{\"@type\":\"Organization\",\"@id\":\"https:\\\/\\\/salumeriadaalbano.it\\\/de\\\/#organization\",\"name\":\"Salumeria da Albano\",\"url\":\"https:\\\/\\\/salumeriadaalbano.it\\\/de\\\/\",\"logo\":{\"@type\":\"ImageObject\",\"inLanguage\":\"de\",\"@id\":\"https:\\\/\\\/salumeriadaalbano.it\\\/de\\\/#\\\/schema\\\/logo\\\/image\\\/\",\"url\":\"https:\\\/\\\/salumeriadaalbano.it\\\/wp-content\\\/uploads\\\/2024\\\/11\\\/logo-salumeria-albano.png\",\"contentUrl\":\"https:\\\/\\\/salumeriadaalbano.it\\\/wp-content\\\/uploads\\\/2024\\\/11\\\/logo-salumeria-albano.png\",\"width\":1647,\"height\":1227,\"caption\":\"Salumeria da Albano\"},\"image\":{\"@id\":\"https:\\\/\\\/salumeriadaalbano.it\\\/de\\\/#\\\/schema\\\/logo\\\/image\\\/\"}}]}<\/script>\n<!-- \/ Yoast SEO plugin. -->","yoast_head_json":{"title":"Neuigkeiten - Salumeria da Albano - Eccellenze del gusto artigianale friulano","robots":{"index":"index","follow":"follow","max-snippet":"max-snippet:-1","max-image-preview":"max-image-preview:large","max-video-preview":"max-video-preview:-1"},"canonical":"https:\/\/salumeriadaalbano.it\/de\/neuigkeiten\/","og_locale":"de_DE","og_type":"article","og_title":"Neuigkeiten - Salumeria da Albano - Eccellenze del gusto artigianale friulano","og_description":"Neuigkeiten","og_url":"https:\/\/salumeriadaalbano.it\/de\/neuigkeiten\/","og_site_name":"Salumeria da Albano - Eccellenze del gusto artigianale friulano","article_modified_time":"2025-06-03T15:53:53+00:00","twitter_card":"summary_large_image","schema":{"@context":"https:\/\/schema.org","@graph":[{"@type":"WebPage","@id":"https:\/\/salumeriadaalbano.it\/de\/neuigkeiten\/","url":"https:\/\/salumeriadaalbano.it\/de\/neuigkeiten\/","name":"Neuigkeiten - Salumeria da Albano - Eccellenze del gusto artigianale friulano","isPartOf":{"@id":"https:\/\/salumeriadaalbano.it\/de\/#website"},"datePublished":"2024-11-20T14:17:25+00:00","dateModified":"2025-06-03T15:53:53+00:00","breadcrumb":{"@id":"https:\/\/salumeriadaalbano.it\/de\/neuigkeiten\/#breadcrumb"},"inLanguage":"de","potentialAction":[{"@type":"ReadAction","target":["https:\/\/salumeriadaalbano.it\/de\/neuigkeiten\/"]}]},{"@type":"BreadcrumbList","@id":"https:\/\/salumeriadaalbano.it\/de\/neuigkeiten\/#breadcrumb","itemListElement":[{"@type":"ListItem","position":1,"name":"Home","item":"https:\/\/salumeriadaalbano.it\/de\/"},{"@type":"ListItem","position":2,"name":"Neuigkeiten"}]},{"@type":"WebSite","@id":"https:\/\/salumeriadaalbano.it\/de\/#website","url":"https:\/\/salumeriadaalbano.it\/de\/","name":"Salumeria da Albano - Sapori Autentici del Friuli dal 1961","description":"Prodotti tipici friulani selezionati con passione","publisher":{"@id":"https:\/\/salumeriadaalbano.it\/de\/#organization"},"potentialAction":[{"@type":"SearchAction","target":{"@type":"EntryPoint","urlTemplate":"https:\/\/salumeriadaalbano.it\/de\/?s={search_term_string}"},"query-input":{"@type":"PropertyValueSpecification","valueRequired":true,"valueName":"search_term_string"}}],"inLanguage":"de"},{"@type":"Organization","@id":"https:\/\/salumeriadaalbano.it\/de\/#organization","name":"Salumeria da Albano","url":"https:\/\/salumeriadaalbano.it\/de\/","logo":{"@type":"ImageObject","inLanguage":"de","@id":"https:\/\/salumeriadaalbano.it\/de\/#\/schema\/logo\/image\/","url":"https:\/\/salumeriadaalbano.it\/wp-content\/uploads\/2024\/11\/logo-salumeria-albano.png","contentUrl":"https:\/\/salumeriadaalbano.it\/wp-content\/uploads\/2024\/11\/logo-salumeria-albano.png","width":1647,"height":1227,"caption":"Salumeria da Albano"},"image":{"@id":"https:\/\/salumeriadaalbano.it\/de\/#\/schema\/logo\/image\/"}}]}},"_links":{"self":[{"href":"https:\/\/salumeriadaalbano.it\/de\/wp-json\/wp\/v2\/pages\/1267","targetHints":{"allow":["GET"]}}],"collection":[{"href":"https:\/\/salumeriadaalbano.it\/de\/wp-json\/wp\/v2\/pages"}],"about":[{"href":"https:\/\/salumeriadaalbano.it\/de\/wp-json\/wp\/v2\/types\/page"}],"author":[{"embeddable":true,"href":"https:\/\/salumeriadaalbano.it\/de\/wp-json\/wp\/v2\/users\/1"}],"replies":[{"embeddable":true,"href":"https:\/\/salumeriadaalbano.it\/de\/wp-json\/wp\/v2\/comments?post=1267"}],"version-history":[{"count":4,"href":"https:\/\/salumeriadaalbano.it\/de\/wp-json\/wp\/v2\/pages\/1267\/revisions"}],"predecessor-version":[{"id":1282,"href":"https:\/\/salumeriadaalbano.it\/de\/wp-json\/wp\/v2\/pages\/1267\/revisions\/1282"}],"wp:attachment":[{"href":"https:\/\/salumeriadaalbano.it\/de\/wp-json\/wp\/v2\/media?parent=1267"}],"curies":[{"name":"wp","href":"https:\/\/api.w.org\/{rel}","templated":true}]}}