{"id":1253,"date":"2025-05-14T15:15:36","date_gmt":"2025-05-14T15:15:36","guid":{"rendered":"https:\/\/dev.treativa.it\/bozze\/albano\/sorgfaeltig-ausgewaehlte-produkte-fuer-sie\/honig-aus-den-valli\/"},"modified":"2025-07-01T09:25:05","modified_gmt":"2025-07-01T09:25:05","slug":"honig-aus-den-valli","status":"publish","type":"page","link":"https:\/\/salumeriadaalbano.it\/de\/sorgfaeltig-ausgewaehlte-produkte-fuer-sie\/honig-aus-den-valli\/","title":{"rendered":"Honig aus den Valli"},"content":{"rendered":"\t\t<div data-elementor-type=\"wp-page\" data-elementor-id=\"1253\" class=\"elementor elementor-1253 elementor-665\" data-elementor-post-type=\"page\">\n\t\t\t\t<div class=\"elementor-element elementor-element-20574fd2 e-flex e-con-boxed e-con e-parent\" data-id=\"20574fd2\" data-element_type=\"container\" data-e-type=\"container\" data-settings=\"{&quot;background_background&quot;:&quot;classic&quot;}\">\n\t\t\t\t\t<div class=\"e-con-inner\">\n\t\t<div class=\"elementor-element elementor-element-4c5b2718 e-flex e-con-boxed e-con e-child\" data-id=\"4c5b2718\" data-element_type=\"container\" data-e-type=\"container\">\n\t\t\t\t\t<div class=\"e-con-inner\">\n\t\t\t\t<div class=\"elementor-element elementor-element-7140a85b elementor-invisible elementor-widget elementor-widget-heading\" data-id=\"7140a85b\" data-element_type=\"widget\" data-e-type=\"widget\" data-settings=\"{&quot;_animation&quot;:&quot;fadeInUp&quot;}\" data-widget_type=\"heading.default\">\n\t\t\t\t<div class=\"elementor-widget-container\">\n\t\t\t\t\t<h1 class=\"elementor-heading-title elementor-size-default\">Honig aus den Valli<\/h1>\t\t\t\t<\/div>\n\t\t\t\t<\/div>\n\t\t\t\t<div class=\"elementor-element elementor-element-71dca32a elementor-invisible elementor-widget elementor-widget-heading\" data-id=\"71dca32a\" data-element_type=\"widget\" data-e-type=\"widget\" data-settings=\"{&quot;_animation&quot;:&quot;fadeInUp&quot;,&quot;_animation_delay&quot;:200}\" data-widget_type=\"heading.default\">\n\t\t\t\t<div class=\"elementor-widget-container\">\n\t\t\t\t\t<h4 class=\"elementor-heading-title elementor-size-default\">Rein, nat\u00fcrlich, friulanisch\n<\/h4>\t\t\t\t<\/div>\n\t\t\t\t<\/div>\n\t\t\t\t<div class=\"elementor-element elementor-element-f44acd0 elementor-invisible elementor-widget elementor-widget-text-editor\" data-id=\"f44acd0\" data-element_type=\"widget\" data-e-type=\"widget\" data-settings=\"{&quot;_animation&quot;:&quot;fadeInUp&quot;}\" data-widget_type=\"text-editor.default\">\n\t\t\t\t<div class=\"elementor-widget-container\">\n\t\t\t\t\t\t\t\t\t\t\t\t<!-- Flexy Breadcrumb -->\r\n\t\t\t<div class=\"fbc fbc-page\">\r\n\r\n\t\t\t\t<!-- Breadcrumb wrapper -->\r\n\t\t\t\t<div class=\"fbc-wrap\">\r\n\r\n\t\t\t\t\t<!-- Ordered list-->\r\n\t\t\t\t\t<ol class=\"fbc-items\" itemscope itemtype=\"https:\/\/schema.org\/BreadcrumbList\">\r\n\t\t\t\t\t\t            <li itemprop=\"itemListElement\" itemscope itemtype=\"https:\/\/schema.org\/ListItem\">\r\n                <span itemprop=\"name\">\r\n                    <!-- Home Link -->\r\n                    <a itemprop=\"item\" href=\"https:\/\/salumeriadaalbano.it\">\r\n                    \r\n                                                    <i class=\"fa fa-home\" aria-hidden=\"true\"><\/i>Home                    <\/a>\r\n                <\/span>\r\n                <meta itemprop=\"position\" content=\"1\" \/><!-- Meta Position-->\r\n             <\/li><li><span class=\"fbc-separator\">\/<\/span><\/li><li class=\"active\" itemprop=\"itemListElement\" itemscope itemtype=\"https:\/\/schema.org\/ListItem\"><span itemprop=\"name\" title=\"Honig aus den Valli\">Honig aus den Valli<\/span><meta itemprop=\"position\" content=\"2\" \/><\/li>\t\t\t\t\t<\/ol>\r\n\t\t\t\t\t<div class=\"clearfix\"><\/div>\r\n\t\t\t\t<\/div>\r\n\t\t\t<\/div>\r\n\t\t\t\t\t\t\t\t\t\t\t<\/div>\n\t\t\t\t<\/div>\n\t\t\t\t\t<\/div>\n\t\t\t\t<\/div>\n\t\t\t\t\t<\/div>\n\t\t\t\t<\/div>\n\t\t<div class=\"elementor-element elementor-element-155d5e5a e-flex e-con-boxed e-con e-parent\" data-id=\"155d5e5a\" data-element_type=\"container\" data-e-type=\"container\">\n\t\t\t\t\t<div class=\"e-con-inner\">\n\t\t<div class=\"elementor-element elementor-element-3571e10e e-con-full e-flex elementor-invisible e-con e-child\" data-id=\"3571e10e\" data-element_type=\"container\" data-e-type=\"container\" data-settings=\"{&quot;animation&quot;:&quot;fadeInLeft&quot;}\">\n\t\t\t\t<div class=\"elementor-element elementor-element-5249ccd8 elementor-widget elementor-widget-image\" data-id=\"5249ccd8\" data-element_type=\"widget\" data-e-type=\"widget\" data-widget_type=\"image.default\">\n\t\t\t\t<div class=\"elementor-widget-container\">\n\t\t\t\t\t\t\t\t\t\t\t\t\t\t\t<img fetchpriority=\"high\" decoding=\"async\" width=\"800\" height=\"666\" src=\"https:\/\/salumeriadaalbano.it\/wp-content\/uploads\/2025\/05\/miele-salumeria-da-albano-1024x853.jpg\" class=\"attachment-large size-large wp-image-1092\" alt=\"\" srcset=\"https:\/\/salumeriadaalbano.it\/wp-content\/uploads\/2025\/05\/miele-salumeria-da-albano-1024x853.jpg 1024w, https:\/\/salumeriadaalbano.it\/wp-content\/uploads\/2025\/05\/miele-salumeria-da-albano-300x250.jpg 300w, https:\/\/salumeriadaalbano.it\/wp-content\/uploads\/2025\/05\/miele-salumeria-da-albano-768x640.jpg 768w, https:\/\/salumeriadaalbano.it\/wp-content\/uploads\/2025\/05\/miele-salumeria-da-albano-1536x1280.jpg 1536w, https:\/\/salumeriadaalbano.it\/wp-content\/uploads\/2025\/05\/miele-salumeria-da-albano.jpg 1920w\" sizes=\"(max-width: 800px) 100vw, 800px\" \/>\t\t\t\t\t\t\t\t\t\t\t\t\t\t\t<\/div>\n\t\t\t\t<\/div>\n\t\t\t\t<\/div>\n\t\t<div class=\"elementor-element elementor-element-37dca9b3 e-con-full e-flex elementor-invisible e-con e-child\" data-id=\"37dca9b3\" data-element_type=\"container\" data-e-type=\"container\" data-settings=\"{&quot;animation&quot;:&quot;fadeInRight&quot;}\">\n\t\t\t\t<div class=\"elementor-element elementor-element-57f62193 elementor-widget elementor-widget-heading\" data-id=\"57f62193\" data-element_type=\"widget\" data-e-type=\"widget\" data-widget_type=\"heading.default\">\n\t\t\t\t<div class=\"elementor-widget-container\">\n\t\t\t\t\t<h2 class=\"elementor-heading-title elementor-size-default\">Honig aus den Valli<\/h2>\t\t\t\t<\/div>\n\t\t\t\t<\/div>\n\t\t\t\t<div class=\"elementor-element elementor-element-42a5e80c elementor-widget elementor-widget-text-editor\" data-id=\"42a5e80c\" data-element_type=\"widget\" data-e-type=\"widget\" data-widget_type=\"text-editor.default\">\n\t\t\t\t<div class=\"elementor-widget-container\">\n\t\t\t\t\t\t\t\t\t<p class=\"p1\">Der <b>Miele delle Valli <\/b>stammt aus <b>unber\u00fchrten Gebieten Friaul-Julisch Venetiens<\/b> \u2013 zwischen den stimmungsvollen <b>T\u00e4lern von Natisone<\/b>, der <b>isontinischen<\/b> Ebene und dem <b>Karst von G\u00f6rz<\/b>. Hier, fernab jeglicher Umweltverschmutzung, sammeln die Bienen Nektar von wilden Bl\u00fcten und schenken uns einen echten, naturbelassenen Honig, <b>reich an wertvollen Inhaltsstoffen und mit unverwechselbarem Geschmack.<\/b> <\/p><p class=\"p1\">Erh\u00e4ltlich in verschiedenen Sorten \u2013 <b>einbl\u00fctig und Bl\u00fctenmischungen (Millefiori)<\/b> \u2013, jede mit einzigartigem Charakter: von zart und mild bis intensiv aromatisch. Alle Varianten zeichnen sich durch eine <b>cremige Textur und einen vollen Geschmack<\/b> aus \u2013 perfekt zum nat\u00fcrlichen S\u00fc\u00dfen oder pur vom L\u00f6ff<\/p><p class=\"p1\">Ideal zum Fr\u00fchst\u00fcck, st\u00e4rkt er die <b>Abwehrkr\u00e4fte<\/b>, lindert Husten und Erk\u00e4ltungen und ist ein bew\u00e4hrtes <b>Naturheilmittel f\u00fcr die Atemwege<\/b>.<\/p><p class=\"p1\"><span class=\"s1\">\u2705<\/span> <b>100 % nat\u00fcrlicher Honig aus Friaul<\/b><\/p><p class=\"p1\"><span class=\"s1\">\u2705<\/span> <b>Ohne Zuckerzusatz und ohne W\u00e4rmebehandlung<\/b><\/p><p class=\"p1\"><span class=\"s1\">\u2705<\/span> <b>Reich an Enzymen und gesundheitsf\u00f6rdernden Eigenschaften<\/b><\/p>\t\t\t\t\t\t\t\t<\/div>\n\t\t\t\t<\/div>\n\t\t\t\t<\/div>\n\t\t\t\t\t<\/div>\n\t\t\t\t<\/div>\n\t\t<div class=\"elementor-element elementor-element-57bc5b25 e-flex e-con-boxed e-con e-parent\" data-id=\"57bc5b25\" data-element_type=\"container\" data-e-type=\"container\" data-settings=\"{&quot;background_background&quot;:&quot;classic&quot;}\">\n\t\t\t\t\t<div class=\"e-con-inner\">\n\t\t<div class=\"elementor-element elementor-element-da289bf e-con-full e-flex elementor-invisible e-con e-child\" data-id=\"da289bf\" data-element_type=\"container\" data-e-type=\"container\" data-settings=\"{&quot;background_background&quot;:&quot;classic&quot;,&quot;animation&quot;:&quot;fadeInUp&quot;,&quot;animation_delay&quot;:200}\">\n\t\t<div class=\"elementor-element elementor-element-38d03bb0 e-con-full e-flex e-con e-child\" data-id=\"38d03bb0\" data-element_type=\"container\" data-e-type=\"container\">\n\t\t\t\t<div class=\"elementor-element elementor-element-23170401 elementor-widget elementor-widget-heading\" data-id=\"23170401\" data-element_type=\"widget\" data-e-type=\"widget\" data-widget_type=\"heading.default\">\n\t\t\t\t<div class=\"elementor-widget-container\">\n\t\t\t\t\t<h2 class=\"elementor-heading-title elementor-size-default\"> Entdecken Sie den authentischen Geschmack des Miele delle Valli bei Salumeria da Albano in Ronchis (Udine): Eine nat\u00fcrliche S\u00fc\u00dfe, die K\u00f6rper und Seele guttut.\n<\/h2>\t\t\t\t<\/div>\n\t\t\t\t<\/div>\n\t\t\t\t<div class=\"elementor-element elementor-element-4989c32a elementor-mobile-align-center elementor-widget elementor-widget-button\" data-id=\"4989c32a\" data-element_type=\"widget\" data-e-type=\"widget\" data-widget_type=\"button.default\">\n\t\t\t\t<div class=\"elementor-widget-container\">\n\t\t\t\t\t\t\t\t\t<div class=\"elementor-button-wrapper\">\n\t\t\t\t\t<a class=\"elementor-button elementor-button-link elementor-size-md\" href=\"https:\/\/salumeriadaalbano.it\/de\/kontakte\/\">\n\t\t\t\t\t\t<span class=\"elementor-button-content-wrapper\">\n\t\t\t\t\t\t\t\t\t<span class=\"elementor-button-text\">Kontakt<\/span>\n\t\t\t\t\t<\/span>\n\t\t\t\t\t<\/a>\n\t\t\t\t<\/div>\n\t\t\t\t\t\t\t\t<\/div>\n\t\t\t\t<\/div>\n\t\t\t\t<\/div>\n\t\t\t\t<\/div>\n\t\t\t\t\t<\/div>\n\t\t\t\t<\/div>\n\t\t\t\t<\/div>\n\t\t","protected":false},"excerpt":{"rendered":"<p>Rein, nat\u00fcrlich, friulanisch Honig aus den Valli Der Miele delle Valli stammt aus unber\u00fchrten Gebieten Friaul-Julisch Venetiens \u2013 zwischen den stimmungsvollen T\u00e4lern von Natisone, der isontinischen Ebene und dem Karst von G\u00f6rz. Hier, fernab jeglicher Umweltverschmutzung, sammeln die Bienen Nektar von wilden Bl\u00fcten und schenken uns einen echten, naturbelassenen Honig, reich an wertvollen Inhaltsstoffen und [&hellip;]<\/p>\n","protected":false},"author":1,"featured_media":0,"parent":1227,"menu_order":0,"comment_status":"closed","ping_status":"closed","template":"elementor_header_footer","meta":{"footnotes":""},"class_list":["post-1253","page","type-page","status-publish","hentry"],"yoast_head":"<!-- This site is optimized with the Yoast SEO plugin v27.3 - https:\/\/yoast.com\/product\/yoast-seo-wordpress\/ -->\n<title>Honig aus den Valli - Salumeria da Albano - Eccellenze del gusto artigianale friulano<\/title>\n<meta name=\"robots\" content=\"index, follow, max-snippet:-1, max-image-preview:large, max-video-preview:-1\" \/>\n<link rel=\"canonical\" href=\"https:\/\/salumeriadaalbano.it\/de\/sorgfaeltig-ausgewaehlte-produkte-fuer-sie\/honig-aus-den-valli\/\" \/>\n<meta property=\"og:locale\" content=\"de_DE\" \/>\n<meta property=\"og:type\" content=\"article\" \/>\n<meta property=\"og:title\" content=\"Honig aus den Valli - Salumeria da Albano - Eccellenze del gusto artigianale friulano\" \/>\n<meta property=\"og:description\" content=\"Rein, nat\u00fcrlich, friulanisch Honig aus den Valli Der Miele delle Valli stammt aus unber\u00fchrten Gebieten Friaul-Julisch Venetiens \u2013 zwischen den stimmungsvollen T\u00e4lern von Natisone, der isontinischen Ebene und dem Karst von G\u00f6rz. Hier, fernab jeglicher Umweltverschmutzung, sammeln die Bienen Nektar von wilden Bl\u00fcten und schenken uns einen echten, naturbelassenen Honig, reich an wertvollen Inhaltsstoffen und [&hellip;]\" \/>\n<meta property=\"og:url\" content=\"https:\/\/salumeriadaalbano.it\/de\/sorgfaeltig-ausgewaehlte-produkte-fuer-sie\/honig-aus-den-valli\/\" \/>\n<meta property=\"og:site_name\" content=\"Salumeria da Albano - Eccellenze del gusto artigianale friulano\" \/>\n<meta property=\"article:modified_time\" content=\"2025-07-01T09:25:05+00:00\" \/>\n<meta property=\"og:image\" content=\"https:\/\/salumeriadaalbano.it\/wp-content\/uploads\/2025\/05\/miele-salumeria-da-albano.jpg\" \/>\n\t<meta property=\"og:image:width\" content=\"1920\" \/>\n\t<meta property=\"og:image:height\" content=\"1600\" \/>\n\t<meta property=\"og:image:type\" content=\"image\/jpeg\" \/>\n<meta name=\"twitter:card\" content=\"summary_large_image\" \/>\n<meta name=\"twitter:label1\" content=\"Gesch\u00e4tzte Lesezeit\" \/>\n\t<meta name=\"twitter:data1\" content=\"2\u00a0Minuten\" \/>\n<script type=\"application\/ld+json\" class=\"yoast-schema-graph\">{\"@context\":\"https:\\\/\\\/schema.org\",\"@graph\":[{\"@type\":\"WebPage\",\"@id\":\"https:\\\/\\\/salumeriadaalbano.it\\\/de\\\/sorgfaeltig-ausgewaehlte-produkte-fuer-sie\\\/honig-aus-den-valli\\\/\",\"url\":\"https:\\\/\\\/salumeriadaalbano.it\\\/de\\\/sorgfaeltig-ausgewaehlte-produkte-fuer-sie\\\/honig-aus-den-valli\\\/\",\"name\":\"Honig aus den Valli - Salumeria da Albano - Eccellenze del gusto artigianale friulano\",\"isPartOf\":{\"@id\":\"https:\\\/\\\/salumeriadaalbano.it\\\/de\\\/#website\"},\"primaryImageOfPage\":{\"@id\":\"https:\\\/\\\/salumeriadaalbano.it\\\/de\\\/sorgfaeltig-ausgewaehlte-produkte-fuer-sie\\\/honig-aus-den-valli\\\/#primaryimage\"},\"image\":{\"@id\":\"https:\\\/\\\/salumeriadaalbano.it\\\/de\\\/sorgfaeltig-ausgewaehlte-produkte-fuer-sie\\\/honig-aus-den-valli\\\/#primaryimage\"},\"thumbnailUrl\":\"https:\\\/\\\/salumeriadaalbano.it\\\/wp-content\\\/uploads\\\/2025\\\/05\\\/miele-salumeria-da-albano-1024x853.jpg\",\"datePublished\":\"2025-05-14T15:15:36+00:00\",\"dateModified\":\"2025-07-01T09:25:05+00:00\",\"breadcrumb\":{\"@id\":\"https:\\\/\\\/salumeriadaalbano.it\\\/de\\\/sorgfaeltig-ausgewaehlte-produkte-fuer-sie\\\/honig-aus-den-valli\\\/#breadcrumb\"},\"inLanguage\":\"de\",\"potentialAction\":[{\"@type\":\"ReadAction\",\"target\":[\"https:\\\/\\\/salumeriadaalbano.it\\\/de\\\/sorgfaeltig-ausgewaehlte-produkte-fuer-sie\\\/honig-aus-den-valli\\\/\"]}]},{\"@type\":\"ImageObject\",\"inLanguage\":\"de\",\"@id\":\"https:\\\/\\\/salumeriadaalbano.it\\\/de\\\/sorgfaeltig-ausgewaehlte-produkte-fuer-sie\\\/honig-aus-den-valli\\\/#primaryimage\",\"url\":\"https:\\\/\\\/salumeriadaalbano.it\\\/wp-content\\\/uploads\\\/2025\\\/05\\\/miele-salumeria-da-albano-1024x853.jpg\",\"contentUrl\":\"https:\\\/\\\/salumeriadaalbano.it\\\/wp-content\\\/uploads\\\/2025\\\/05\\\/miele-salumeria-da-albano-1024x853.jpg\"},{\"@type\":\"BreadcrumbList\",\"@id\":\"https:\\\/\\\/salumeriadaalbano.it\\\/de\\\/sorgfaeltig-ausgewaehlte-produkte-fuer-sie\\\/honig-aus-den-valli\\\/#breadcrumb\",\"itemListElement\":[{\"@type\":\"ListItem\",\"position\":1,\"name\":\"Home\",\"item\":\"https:\\\/\\\/salumeriadaalbano.it\\\/de\\\/\"},{\"@type\":\"ListItem\",\"position\":2,\"name\":\"Ausgew\u00e4hlte Produkte f\u00fcr Sie\",\"item\":\"https:\\\/\\\/salumeriadaalbano.it\\\/de\\\/sorgfaeltig-ausgewaehlte-produkte-fuer-sie\\\/\"},{\"@type\":\"ListItem\",\"position\":3,\"name\":\"Honig aus den Valli\"}]},{\"@type\":\"WebSite\",\"@id\":\"https:\\\/\\\/salumeriadaalbano.it\\\/de\\\/#website\",\"url\":\"https:\\\/\\\/salumeriadaalbano.it\\\/de\\\/\",\"name\":\"Salumeria da Albano - Sapori Autentici del Friuli dal 1961\",\"description\":\"Prodotti tipici friulani selezionati con passione\",\"publisher\":{\"@id\":\"https:\\\/\\\/salumeriadaalbano.it\\\/de\\\/#organization\"},\"potentialAction\":[{\"@type\":\"SearchAction\",\"target\":{\"@type\":\"EntryPoint\",\"urlTemplate\":\"https:\\\/\\\/salumeriadaalbano.it\\\/de\\\/?s={search_term_string}\"},\"query-input\":{\"@type\":\"PropertyValueSpecification\",\"valueRequired\":true,\"valueName\":\"search_term_string\"}}],\"inLanguage\":\"de\"},{\"@type\":\"Organization\",\"@id\":\"https:\\\/\\\/salumeriadaalbano.it\\\/de\\\/#organization\",\"name\":\"Salumeria da Albano\",\"url\":\"https:\\\/\\\/salumeriadaalbano.it\\\/de\\\/\",\"logo\":{\"@type\":\"ImageObject\",\"inLanguage\":\"de\",\"@id\":\"https:\\\/\\\/salumeriadaalbano.it\\\/de\\\/#\\\/schema\\\/logo\\\/image\\\/\",\"url\":\"https:\\\/\\\/salumeriadaalbano.it\\\/wp-content\\\/uploads\\\/2024\\\/11\\\/logo-salumeria-albano.png\",\"contentUrl\":\"https:\\\/\\\/salumeriadaalbano.it\\\/wp-content\\\/uploads\\\/2024\\\/11\\\/logo-salumeria-albano.png\",\"width\":1647,\"height\":1227,\"caption\":\"Salumeria da Albano\"},\"image\":{\"@id\":\"https:\\\/\\\/salumeriadaalbano.it\\\/de\\\/#\\\/schema\\\/logo\\\/image\\\/\"}}]}<\/script>\n<!-- \/ Yoast SEO plugin. -->","yoast_head_json":{"title":"Honig aus den Valli - Salumeria da Albano - Eccellenze del gusto artigianale friulano","robots":{"index":"index","follow":"follow","max-snippet":"max-snippet:-1","max-image-preview":"max-image-preview:large","max-video-preview":"max-video-preview:-1"},"canonical":"https:\/\/salumeriadaalbano.it\/de\/sorgfaeltig-ausgewaehlte-produkte-fuer-sie\/honig-aus-den-valli\/","og_locale":"de_DE","og_type":"article","og_title":"Honig aus den Valli - Salumeria da Albano - Eccellenze del gusto artigianale friulano","og_description":"Rein, nat\u00fcrlich, friulanisch Honig aus den Valli Der Miele delle Valli stammt aus unber\u00fchrten Gebieten Friaul-Julisch Venetiens \u2013 zwischen den stimmungsvollen T\u00e4lern von Natisone, der isontinischen Ebene und dem Karst von G\u00f6rz. Hier, fernab jeglicher Umweltverschmutzung, sammeln die Bienen Nektar von wilden Bl\u00fcten und schenken uns einen echten, naturbelassenen Honig, reich an wertvollen Inhaltsstoffen und [&hellip;]","og_url":"https:\/\/salumeriadaalbano.it\/de\/sorgfaeltig-ausgewaehlte-produkte-fuer-sie\/honig-aus-den-valli\/","og_site_name":"Salumeria da Albano - Eccellenze del gusto artigianale friulano","article_modified_time":"2025-07-01T09:25:05+00:00","og_image":[{"width":1920,"height":1600,"url":"https:\/\/salumeriadaalbano.it\/wp-content\/uploads\/2025\/05\/miele-salumeria-da-albano.jpg","type":"image\/jpeg"}],"twitter_card":"summary_large_image","twitter_misc":{"Gesch\u00e4tzte Lesezeit":"2\u00a0Minuten"},"schema":{"@context":"https:\/\/schema.org","@graph":[{"@type":"WebPage","@id":"https:\/\/salumeriadaalbano.it\/de\/sorgfaeltig-ausgewaehlte-produkte-fuer-sie\/honig-aus-den-valli\/","url":"https:\/\/salumeriadaalbano.it\/de\/sorgfaeltig-ausgewaehlte-produkte-fuer-sie\/honig-aus-den-valli\/","name":"Honig aus den Valli - Salumeria da Albano - Eccellenze del gusto artigianale friulano","isPartOf":{"@id":"https:\/\/salumeriadaalbano.it\/de\/#website"},"primaryImageOfPage":{"@id":"https:\/\/salumeriadaalbano.it\/de\/sorgfaeltig-ausgewaehlte-produkte-fuer-sie\/honig-aus-den-valli\/#primaryimage"},"image":{"@id":"https:\/\/salumeriadaalbano.it\/de\/sorgfaeltig-ausgewaehlte-produkte-fuer-sie\/honig-aus-den-valli\/#primaryimage"},"thumbnailUrl":"https:\/\/salumeriadaalbano.it\/wp-content\/uploads\/2025\/05\/miele-salumeria-da-albano-1024x853.jpg","datePublished":"2025-05-14T15:15:36+00:00","dateModified":"2025-07-01T09:25:05+00:00","breadcrumb":{"@id":"https:\/\/salumeriadaalbano.it\/de\/sorgfaeltig-ausgewaehlte-produkte-fuer-sie\/honig-aus-den-valli\/#breadcrumb"},"inLanguage":"de","potentialAction":[{"@type":"ReadAction","target":["https:\/\/salumeriadaalbano.it\/de\/sorgfaeltig-ausgewaehlte-produkte-fuer-sie\/honig-aus-den-valli\/"]}]},{"@type":"ImageObject","inLanguage":"de","@id":"https:\/\/salumeriadaalbano.it\/de\/sorgfaeltig-ausgewaehlte-produkte-fuer-sie\/honig-aus-den-valli\/#primaryimage","url":"https:\/\/salumeriadaalbano.it\/wp-content\/uploads\/2025\/05\/miele-salumeria-da-albano-1024x853.jpg","contentUrl":"https:\/\/salumeriadaalbano.it\/wp-content\/uploads\/2025\/05\/miele-salumeria-da-albano-1024x853.jpg"},{"@type":"BreadcrumbList","@id":"https:\/\/salumeriadaalbano.it\/de\/sorgfaeltig-ausgewaehlte-produkte-fuer-sie\/honig-aus-den-valli\/#breadcrumb","itemListElement":[{"@type":"ListItem","position":1,"name":"Home","item":"https:\/\/salumeriadaalbano.it\/de\/"},{"@type":"ListItem","position":2,"name":"Ausgew\u00e4hlte Produkte f\u00fcr Sie","item":"https:\/\/salumeriadaalbano.it\/de\/sorgfaeltig-ausgewaehlte-produkte-fuer-sie\/"},{"@type":"ListItem","position":3,"name":"Honig aus den Valli"}]},{"@type":"WebSite","@id":"https:\/\/salumeriadaalbano.it\/de\/#website","url":"https:\/\/salumeriadaalbano.it\/de\/","name":"Salumeria da Albano - Sapori Autentici del Friuli dal 1961","description":"Prodotti tipici friulani selezionati con passione","publisher":{"@id":"https:\/\/salumeriadaalbano.it\/de\/#organization"},"potentialAction":[{"@type":"SearchAction","target":{"@type":"EntryPoint","urlTemplate":"https:\/\/salumeriadaalbano.it\/de\/?s={search_term_string}"},"query-input":{"@type":"PropertyValueSpecification","valueRequired":true,"valueName":"search_term_string"}}],"inLanguage":"de"},{"@type":"Organization","@id":"https:\/\/salumeriadaalbano.it\/de\/#organization","name":"Salumeria da Albano","url":"https:\/\/salumeriadaalbano.it\/de\/","logo":{"@type":"ImageObject","inLanguage":"de","@id":"https:\/\/salumeriadaalbano.it\/de\/#\/schema\/logo\/image\/","url":"https:\/\/salumeriadaalbano.it\/wp-content\/uploads\/2024\/11\/logo-salumeria-albano.png","contentUrl":"https:\/\/salumeriadaalbano.it\/wp-content\/uploads\/2024\/11\/logo-salumeria-albano.png","width":1647,"height":1227,"caption":"Salumeria da Albano"},"image":{"@id":"https:\/\/salumeriadaalbano.it\/de\/#\/schema\/logo\/image\/"}}]}},"_links":{"self":[{"href":"https:\/\/salumeriadaalbano.it\/de\/wp-json\/wp\/v2\/pages\/1253","targetHints":{"allow":["GET"]}}],"collection":[{"href":"https:\/\/salumeriadaalbano.it\/de\/wp-json\/wp\/v2\/pages"}],"about":[{"href":"https:\/\/salumeriadaalbano.it\/de\/wp-json\/wp\/v2\/types\/page"}],"author":[{"embeddable":true,"href":"https:\/\/salumeriadaalbano.it\/de\/wp-json\/wp\/v2\/users\/1"}],"replies":[{"embeddable":true,"href":"https:\/\/salumeriadaalbano.it\/de\/wp-json\/wp\/v2\/comments?post=1253"}],"version-history":[{"count":4,"href":"https:\/\/salumeriadaalbano.it\/de\/wp-json\/wp\/v2\/pages\/1253\/revisions"}],"predecessor-version":[{"id":1700,"href":"https:\/\/salumeriadaalbano.it\/de\/wp-json\/wp\/v2\/pages\/1253\/revisions\/1700"}],"up":[{"embeddable":true,"href":"https:\/\/salumeriadaalbano.it\/de\/wp-json\/wp\/v2\/pages\/1227"}],"wp:attachment":[{"href":"https:\/\/salumeriadaalbano.it\/de\/wp-json\/wp\/v2\/media?parent=1253"}],"curies":[{"name":"wp","href":"https:\/\/api.w.org\/{rel}","templated":true}]}}