{"id":1243,"date":"2025-05-14T14:59:09","date_gmt":"2025-05-14T14:59:09","guid":{"rendered":"https:\/\/dev.treativa.it\/bozze\/albano\/sorgfaeltig-ausgewaehlte-produkte-fuer-sie\/montasio-piancada-kaese\/"},"modified":"2025-07-01T09:25:50","modified_gmt":"2025-07-01T09:25:50","slug":"montasio-piancada-kaese","status":"publish","type":"page","link":"https:\/\/salumeriadaalbano.it\/de\/sorgfaeltig-ausgewaehlte-produkte-fuer-sie\/montasio-piancada-kaese\/","title":{"rendered":"Montasio Piancada K\u00e4se"},"content":{"rendered":"\t\t<div data-elementor-type=\"wp-page\" data-elementor-id=\"1243\" class=\"elementor elementor-1243 elementor-599\" data-elementor-post-type=\"page\">\n\t\t\t\t<div class=\"elementor-element elementor-element-20574fd2 e-flex e-con-boxed e-con e-parent\" data-id=\"20574fd2\" data-element_type=\"container\" data-e-type=\"container\" data-settings=\"{&quot;background_background&quot;:&quot;classic&quot;}\">\n\t\t\t\t\t<div class=\"e-con-inner\">\n\t\t<div class=\"elementor-element elementor-element-4c5b2718 e-flex e-con-boxed e-con e-child\" data-id=\"4c5b2718\" data-element_type=\"container\" data-e-type=\"container\">\n\t\t\t\t\t<div class=\"e-con-inner\">\n\t\t\t\t<div class=\"elementor-element elementor-element-7140a85b elementor-invisible elementor-widget elementor-widget-heading\" data-id=\"7140a85b\" data-element_type=\"widget\" data-e-type=\"widget\" data-settings=\"{&quot;_animation&quot;:&quot;fadeInUp&quot;}\" data-widget_type=\"heading.default\">\n\t\t\t\t<div class=\"elementor-widget-container\">\n\t\t\t\t\t<h1 class=\"elementor-heading-title elementor-size-default\">Montasio Piancada K\u00e4se<\/h1>\t\t\t\t<\/div>\n\t\t\t\t<\/div>\n\t\t\t\t<div class=\"elementor-element elementor-element-71dca32a elementor-invisible elementor-widget elementor-widget-heading\" data-id=\"71dca32a\" data-element_type=\"widget\" data-e-type=\"widget\" data-settings=\"{&quot;_animation&quot;:&quot;fadeInUp&quot;,&quot;_animation_delay&quot;:200}\" data-widget_type=\"heading.default\">\n\t\t\t\t<div class=\"elementor-widget-container\">\n\t\t\t\t\t<h4 class=\"elementor-heading-title elementor-size-default\">Der authentische Geschmack Friauls \u2013 seit drei Generationen<\/h4>\t\t\t\t<\/div>\n\t\t\t\t<\/div>\n\t\t\t\t<div class=\"elementor-element elementor-element-566268e elementor-invisible elementor-widget elementor-widget-text-editor\" data-id=\"566268e\" data-element_type=\"widget\" data-e-type=\"widget\" data-settings=\"{&quot;_animation&quot;:&quot;fadeInUp&quot;}\" data-widget_type=\"text-editor.default\">\n\t\t\t\t<div class=\"elementor-widget-container\">\n\t\t\t\t\t\t\t\t\t\t\t\t<!-- Flexy Breadcrumb -->\r\n\t\t\t<div class=\"fbc fbc-page\">\r\n\r\n\t\t\t\t<!-- Breadcrumb wrapper -->\r\n\t\t\t\t<div class=\"fbc-wrap\">\r\n\r\n\t\t\t\t\t<!-- Ordered list-->\r\n\t\t\t\t\t<ol class=\"fbc-items\" itemscope itemtype=\"https:\/\/schema.org\/BreadcrumbList\">\r\n\t\t\t\t\t\t            <li itemprop=\"itemListElement\" itemscope itemtype=\"https:\/\/schema.org\/ListItem\">\r\n                <span itemprop=\"name\">\r\n                    <!-- Home Link -->\r\n                    <a itemprop=\"item\" href=\"https:\/\/salumeriadaalbano.it\">\r\n                    \r\n                                                    <i class=\"fa fa-home\" aria-hidden=\"true\"><\/i>Home                    <\/a>\r\n                <\/span>\r\n                <meta itemprop=\"position\" content=\"1\" \/><!-- Meta Position-->\r\n             <\/li><li><span class=\"fbc-separator\">\/<\/span><\/li><li class=\"active\" itemprop=\"itemListElement\" itemscope itemtype=\"https:\/\/schema.org\/ListItem\"><span itemprop=\"name\" title=\"Montasio Piancada K\u00e4se\">Montasio Piancada K\u00e4se<\/span><meta itemprop=\"position\" content=\"2\" \/><\/li>\t\t\t\t\t<\/ol>\r\n\t\t\t\t\t<div class=\"clearfix\"><\/div>\r\n\t\t\t\t<\/div>\r\n\t\t\t<\/div>\r\n\t\t\t\t\t\t\t\t\t\t\t<\/div>\n\t\t\t\t<\/div>\n\t\t\t\t\t<\/div>\n\t\t\t\t<\/div>\n\t\t\t\t\t<\/div>\n\t\t\t\t<\/div>\n\t\t<div class=\"elementor-element elementor-element-155d5e5a e-flex e-con-boxed e-con e-parent\" data-id=\"155d5e5a\" data-element_type=\"container\" data-e-type=\"container\">\n\t\t\t\t\t<div class=\"e-con-inner\">\n\t\t<div class=\"elementor-element elementor-element-3571e10e e-con-full e-flex elementor-invisible e-con e-child\" data-id=\"3571e10e\" data-element_type=\"container\" data-e-type=\"container\" data-settings=\"{&quot;animation&quot;:&quot;fadeInLeft&quot;}\">\n\t\t\t\t<div class=\"elementor-element elementor-element-5249ccd8 elementor-widget elementor-widget-image\" data-id=\"5249ccd8\" data-element_type=\"widget\" data-e-type=\"widget\" data-widget_type=\"image.default\">\n\t\t\t\t<div class=\"elementor-widget-container\">\n\t\t\t\t\t\t\t\t\t\t\t\t\t\t\t<img fetchpriority=\"high\" decoding=\"async\" width=\"800\" height=\"666\" src=\"https:\/\/salumeriadaalbano.it\/wp-content\/uploads\/2025\/05\/formaggi-salumeria-da-albano-1024x853.jpg\" class=\"attachment-large size-large wp-image-1076\" alt=\"\" srcset=\"https:\/\/salumeriadaalbano.it\/wp-content\/uploads\/2025\/05\/formaggi-salumeria-da-albano-1024x853.jpg 1024w, https:\/\/salumeriadaalbano.it\/wp-content\/uploads\/2025\/05\/formaggi-salumeria-da-albano-300x250.jpg 300w, https:\/\/salumeriadaalbano.it\/wp-content\/uploads\/2025\/05\/formaggi-salumeria-da-albano-768x640.jpg 768w, https:\/\/salumeriadaalbano.it\/wp-content\/uploads\/2025\/05\/formaggi-salumeria-da-albano-1536x1280.jpg 1536w, https:\/\/salumeriadaalbano.it\/wp-content\/uploads\/2025\/05\/formaggi-salumeria-da-albano.jpg 1920w\" sizes=\"(max-width: 800px) 100vw, 800px\" \/>\t\t\t\t\t\t\t\t\t\t\t\t\t\t\t<\/div>\n\t\t\t\t<\/div>\n\t\t\t\t<\/div>\n\t\t<div class=\"elementor-element elementor-element-37dca9b3 e-con-full e-flex elementor-invisible e-con e-child\" data-id=\"37dca9b3\" data-element_type=\"container\" data-e-type=\"container\" data-settings=\"{&quot;animation&quot;:&quot;fadeInRight&quot;}\">\n\t\t\t\t<div class=\"elementor-element elementor-element-57f62193 elementor-widget elementor-widget-heading\" data-id=\"57f62193\" data-element_type=\"widget\" data-e-type=\"widget\" data-widget_type=\"heading.default\">\n\t\t\t\t<div class=\"elementor-widget-container\">\n\t\t\t\t\t<h2 class=\"elementor-heading-title elementor-size-default\">Montasio Piancada K\u00e4se<\/h2>\t\t\t\t<\/div>\n\t\t\t\t<\/div>\n\t\t\t\t<div class=\"elementor-element elementor-element-42a5e80c elementor-widget elementor-widget-text-editor\" data-id=\"42a5e80c\" data-element_type=\"widget\" data-e-type=\"widget\" data-widget_type=\"text-editor.default\">\n\t\t\t\t<div class=\"elementor-widget-container\">\n\t\t\t\t\t\t\t\t\t<p class=\"p1\"><b>Der Montasio Piancada<\/b> entsteht in der kleinen <b>handwerklichen K\u00e4serei der Br\u00fcder Luvisutti<\/b>, nur wenige Kilometer von Ronchis entfernt. Seit Generationen verarbeitet diese Familie t\u00e4glich friulanische <b>Milch zu K\u00e4se mit unverwechselbarem Geschmack<\/b> \u2013 ganz im Sinne der traditionellen Methoden unserer Region. <\/p><p class=\"p1\">Von der <b>frischen<\/b> Variante, mit ihrem milden, s\u00fc\u00dflichen Geschmack, der auch Kinder begeistert, bis hin zu Reifegraden von <b>3, 6 und bis zu 24 Monaten<\/b> \u2013 jedes St\u00fcck erz\u00e4hlt die Geschichte einer langsamen, sorgf\u00e4ltigen und handwerklichen Herstellung. Der <b>\u201estravecchio\u201c Montasio<\/b>, fast zwei Jahre gereift, ist das Highlight der Produktion: perfekt zu Polenta oder gerieben \u00fcber raffinierten Nudelgerichten. <\/p><p class=\"p1\"><span class=\"s1\">\u2705<\/span> <b>Lokales handwerkliches Produkt<\/b><\/p><p class=\"p1\"><span class=\"s1\">\u2705<\/span> <b>Reifegrade f\u00fcr jeden Geschmack: frisch, mittelgereift und extra-gereift<\/b><\/p><p class=\"p1\"><span class=\"s1\">\u2705<\/span> <b>Ideal f\u00fcr den Alltag oder die gehobene K\u00fcche<\/b><\/p>\t\t\t\t\t\t\t\t<\/div>\n\t\t\t\t<\/div>\n\t\t\t\t<\/div>\n\t\t\t\t\t<\/div>\n\t\t\t\t<\/div>\n\t\t<div class=\"elementor-element elementor-element-57bc5b25 e-flex e-con-boxed e-con e-parent\" data-id=\"57bc5b25\" data-element_type=\"container\" data-e-type=\"container\" data-settings=\"{&quot;background_background&quot;:&quot;classic&quot;}\">\n\t\t\t\t\t<div class=\"e-con-inner\">\n\t\t<div class=\"elementor-element elementor-element-da289bf e-con-full e-flex elementor-invisible e-con e-child\" data-id=\"da289bf\" data-element_type=\"container\" data-e-type=\"container\" data-settings=\"{&quot;background_background&quot;:&quot;classic&quot;,&quot;animation&quot;:&quot;fadeInUp&quot;,&quot;animation_delay&quot;:200}\">\n\t\t<div class=\"elementor-element elementor-element-38d03bb0 e-con-full e-flex e-con e-child\" data-id=\"38d03bb0\" data-element_type=\"container\" data-e-type=\"container\">\n\t\t\t\t<div class=\"elementor-element elementor-element-23170401 elementor-widget elementor-widget-heading\" data-id=\"23170401\" data-element_type=\"widget\" data-e-type=\"widget\" data-widget_type=\"heading.default\">\n\t\t\t\t<div class=\"elementor-widget-container\">\n\t\t\t\t\t<h2 class=\"elementor-heading-title elementor-size-default\">Probieren Sie den echten Montasio Piancada bei der Salumeria da Albano in Ronchis (Udine): Wir bringen die friulanische Tradition mit dem Geschmack von fr\u00fcher auf Ihren Tisch.<\/h2>\t\t\t\t<\/div>\n\t\t\t\t<\/div>\n\t\t\t\t<div class=\"elementor-element elementor-element-4989c32a elementor-mobile-align-center elementor-widget elementor-widget-button\" data-id=\"4989c32a\" data-element_type=\"widget\" data-e-type=\"widget\" data-widget_type=\"button.default\">\n\t\t\t\t<div class=\"elementor-widget-container\">\n\t\t\t\t\t\t\t\t\t<div class=\"elementor-button-wrapper\">\n\t\t\t\t\t<a class=\"elementor-button elementor-button-link elementor-size-md\" href=\"https:\/\/salumeriadaalbano.it\/de\/kontakte\/\">\n\t\t\t\t\t\t<span class=\"elementor-button-content-wrapper\">\n\t\t\t\t\t\t\t\t\t<span class=\"elementor-button-text\">Kontakt<\/span>\n\t\t\t\t\t<\/span>\n\t\t\t\t\t<\/a>\n\t\t\t\t<\/div>\n\t\t\t\t\t\t\t\t<\/div>\n\t\t\t\t<\/div>\n\t\t\t\t<\/div>\n\t\t\t\t<\/div>\n\t\t\t\t\t<\/div>\n\t\t\t\t<\/div>\n\t\t\t\t<\/div>\n\t\t","protected":false},"excerpt":{"rendered":"<p>Der authentische Geschmack Friauls \u2013 seit drei Generationen Montasio Piancada K\u00e4se Der Montasio Piancada entsteht in der kleinen handwerklichen K\u00e4serei der Br\u00fcder Luvisutti, nur wenige Kilometer von Ronchis entfernt. Seit Generationen verarbeitet diese Familie t\u00e4glich friulanische Milch zu K\u00e4se mit unverwechselbarem Geschmack \u2013 ganz im Sinne der traditionellen Methoden unserer Region. Von der frischen Variante, [&hellip;]<\/p>\n","protected":false},"author":1,"featured_media":0,"parent":1227,"menu_order":0,"comment_status":"closed","ping_status":"closed","template":"elementor_header_footer","meta":{"footnotes":""},"class_list":["post-1243","page","type-page","status-publish","hentry"],"yoast_head":"<!-- This site is optimized with the Yoast SEO plugin v27.3 - https:\/\/yoast.com\/product\/yoast-seo-wordpress\/ -->\n<title>Montasio Piancada K\u00e4se - Salumeria da Albano - Eccellenze del gusto artigianale friulano<\/title>\n<meta name=\"robots\" content=\"index, follow, max-snippet:-1, max-image-preview:large, max-video-preview:-1\" \/>\n<link rel=\"canonical\" href=\"https:\/\/salumeriadaalbano.it\/de\/sorgfaeltig-ausgewaehlte-produkte-fuer-sie\/montasio-piancada-kaese\/\" \/>\n<meta property=\"og:locale\" content=\"de_DE\" \/>\n<meta property=\"og:type\" content=\"article\" \/>\n<meta property=\"og:title\" content=\"Montasio Piancada K\u00e4se - Salumeria da Albano - Eccellenze del gusto artigianale friulano\" \/>\n<meta property=\"og:description\" content=\"Der authentische Geschmack Friauls \u2013 seit drei Generationen Montasio Piancada K\u00e4se Der Montasio Piancada entsteht in der kleinen handwerklichen K\u00e4serei der Br\u00fcder Luvisutti, nur wenige Kilometer von Ronchis entfernt. Seit Generationen verarbeitet diese Familie t\u00e4glich friulanische Milch zu K\u00e4se mit unverwechselbarem Geschmack \u2013 ganz im Sinne der traditionellen Methoden unserer Region. Von der frischen Variante, [&hellip;]\" \/>\n<meta property=\"og:url\" content=\"https:\/\/salumeriadaalbano.it\/de\/sorgfaeltig-ausgewaehlte-produkte-fuer-sie\/montasio-piancada-kaese\/\" \/>\n<meta property=\"og:site_name\" content=\"Salumeria da Albano - Eccellenze del gusto artigianale friulano\" \/>\n<meta property=\"article:modified_time\" content=\"2025-07-01T09:25:50+00:00\" \/>\n<meta property=\"og:image\" content=\"https:\/\/salumeriadaalbano.it\/wp-content\/uploads\/2025\/05\/formaggi-salumeria-da-albano.jpg\" \/>\n\t<meta property=\"og:image:width\" content=\"1920\" \/>\n\t<meta property=\"og:image:height\" content=\"1600\" \/>\n\t<meta property=\"og:image:type\" content=\"image\/jpeg\" \/>\n<meta name=\"twitter:card\" content=\"summary_large_image\" \/>\n<meta name=\"twitter:label1\" content=\"Gesch\u00e4tzte Lesezeit\" \/>\n\t<meta name=\"twitter:data1\" content=\"2\u00a0Minuten\" \/>\n<script type=\"application\/ld+json\" class=\"yoast-schema-graph\">{\"@context\":\"https:\\\/\\\/schema.org\",\"@graph\":[{\"@type\":\"WebPage\",\"@id\":\"https:\\\/\\\/salumeriadaalbano.it\\\/de\\\/sorgfaeltig-ausgewaehlte-produkte-fuer-sie\\\/montasio-piancada-kaese\\\/\",\"url\":\"https:\\\/\\\/salumeriadaalbano.it\\\/de\\\/sorgfaeltig-ausgewaehlte-produkte-fuer-sie\\\/montasio-piancada-kaese\\\/\",\"name\":\"Montasio Piancada K\u00e4se - Salumeria da Albano - Eccellenze del gusto artigianale friulano\",\"isPartOf\":{\"@id\":\"https:\\\/\\\/salumeriadaalbano.it\\\/de\\\/#website\"},\"primaryImageOfPage\":{\"@id\":\"https:\\\/\\\/salumeriadaalbano.it\\\/de\\\/sorgfaeltig-ausgewaehlte-produkte-fuer-sie\\\/montasio-piancada-kaese\\\/#primaryimage\"},\"image\":{\"@id\":\"https:\\\/\\\/salumeriadaalbano.it\\\/de\\\/sorgfaeltig-ausgewaehlte-produkte-fuer-sie\\\/montasio-piancada-kaese\\\/#primaryimage\"},\"thumbnailUrl\":\"https:\\\/\\\/salumeriadaalbano.it\\\/wp-content\\\/uploads\\\/2025\\\/05\\\/formaggi-salumeria-da-albano-1024x853.jpg\",\"datePublished\":\"2025-05-14T14:59:09+00:00\",\"dateModified\":\"2025-07-01T09:25:50+00:00\",\"breadcrumb\":{\"@id\":\"https:\\\/\\\/salumeriadaalbano.it\\\/de\\\/sorgfaeltig-ausgewaehlte-produkte-fuer-sie\\\/montasio-piancada-kaese\\\/#breadcrumb\"},\"inLanguage\":\"de\",\"potentialAction\":[{\"@type\":\"ReadAction\",\"target\":[\"https:\\\/\\\/salumeriadaalbano.it\\\/de\\\/sorgfaeltig-ausgewaehlte-produkte-fuer-sie\\\/montasio-piancada-kaese\\\/\"]}]},{\"@type\":\"ImageObject\",\"inLanguage\":\"de\",\"@id\":\"https:\\\/\\\/salumeriadaalbano.it\\\/de\\\/sorgfaeltig-ausgewaehlte-produkte-fuer-sie\\\/montasio-piancada-kaese\\\/#primaryimage\",\"url\":\"https:\\\/\\\/salumeriadaalbano.it\\\/wp-content\\\/uploads\\\/2025\\\/05\\\/formaggi-salumeria-da-albano-1024x853.jpg\",\"contentUrl\":\"https:\\\/\\\/salumeriadaalbano.it\\\/wp-content\\\/uploads\\\/2025\\\/05\\\/formaggi-salumeria-da-albano-1024x853.jpg\"},{\"@type\":\"BreadcrumbList\",\"@id\":\"https:\\\/\\\/salumeriadaalbano.it\\\/de\\\/sorgfaeltig-ausgewaehlte-produkte-fuer-sie\\\/montasio-piancada-kaese\\\/#breadcrumb\",\"itemListElement\":[{\"@type\":\"ListItem\",\"position\":1,\"name\":\"Home\",\"item\":\"https:\\\/\\\/salumeriadaalbano.it\\\/de\\\/\"},{\"@type\":\"ListItem\",\"position\":2,\"name\":\"Ausgew\u00e4hlte Produkte f\u00fcr Sie\",\"item\":\"https:\\\/\\\/salumeriadaalbano.it\\\/de\\\/sorgfaeltig-ausgewaehlte-produkte-fuer-sie\\\/\"},{\"@type\":\"ListItem\",\"position\":3,\"name\":\"Montasio Piancada K\u00e4se\"}]},{\"@type\":\"WebSite\",\"@id\":\"https:\\\/\\\/salumeriadaalbano.it\\\/de\\\/#website\",\"url\":\"https:\\\/\\\/salumeriadaalbano.it\\\/de\\\/\",\"name\":\"Salumeria da Albano - Sapori Autentici del Friuli dal 1961\",\"description\":\"Prodotti tipici friulani selezionati con passione\",\"publisher\":{\"@id\":\"https:\\\/\\\/salumeriadaalbano.it\\\/de\\\/#organization\"},\"potentialAction\":[{\"@type\":\"SearchAction\",\"target\":{\"@type\":\"EntryPoint\",\"urlTemplate\":\"https:\\\/\\\/salumeriadaalbano.it\\\/de\\\/?s={search_term_string}\"},\"query-input\":{\"@type\":\"PropertyValueSpecification\",\"valueRequired\":true,\"valueName\":\"search_term_string\"}}],\"inLanguage\":\"de\"},{\"@type\":\"Organization\",\"@id\":\"https:\\\/\\\/salumeriadaalbano.it\\\/de\\\/#organization\",\"name\":\"Salumeria da Albano\",\"url\":\"https:\\\/\\\/salumeriadaalbano.it\\\/de\\\/\",\"logo\":{\"@type\":\"ImageObject\",\"inLanguage\":\"de\",\"@id\":\"https:\\\/\\\/salumeriadaalbano.it\\\/de\\\/#\\\/schema\\\/logo\\\/image\\\/\",\"url\":\"https:\\\/\\\/salumeriadaalbano.it\\\/wp-content\\\/uploads\\\/2024\\\/11\\\/logo-salumeria-albano.png\",\"contentUrl\":\"https:\\\/\\\/salumeriadaalbano.it\\\/wp-content\\\/uploads\\\/2024\\\/11\\\/logo-salumeria-albano.png\",\"width\":1647,\"height\":1227,\"caption\":\"Salumeria da Albano\"},\"image\":{\"@id\":\"https:\\\/\\\/salumeriadaalbano.it\\\/de\\\/#\\\/schema\\\/logo\\\/image\\\/\"}}]}<\/script>\n<!-- \/ Yoast SEO plugin. -->","yoast_head_json":{"title":"Montasio Piancada K\u00e4se - Salumeria da Albano - Eccellenze del gusto artigianale friulano","robots":{"index":"index","follow":"follow","max-snippet":"max-snippet:-1","max-image-preview":"max-image-preview:large","max-video-preview":"max-video-preview:-1"},"canonical":"https:\/\/salumeriadaalbano.it\/de\/sorgfaeltig-ausgewaehlte-produkte-fuer-sie\/montasio-piancada-kaese\/","og_locale":"de_DE","og_type":"article","og_title":"Montasio Piancada K\u00e4se - Salumeria da Albano - Eccellenze del gusto artigianale friulano","og_description":"Der authentische Geschmack Friauls \u2013 seit drei Generationen Montasio Piancada K\u00e4se Der Montasio Piancada entsteht in der kleinen handwerklichen K\u00e4serei der Br\u00fcder Luvisutti, nur wenige Kilometer von Ronchis entfernt. Seit Generationen verarbeitet diese Familie t\u00e4glich friulanische Milch zu K\u00e4se mit unverwechselbarem Geschmack \u2013 ganz im Sinne der traditionellen Methoden unserer Region. Von der frischen Variante, [&hellip;]","og_url":"https:\/\/salumeriadaalbano.it\/de\/sorgfaeltig-ausgewaehlte-produkte-fuer-sie\/montasio-piancada-kaese\/","og_site_name":"Salumeria da Albano - Eccellenze del gusto artigianale friulano","article_modified_time":"2025-07-01T09:25:50+00:00","og_image":[{"width":1920,"height":1600,"url":"https:\/\/salumeriadaalbano.it\/wp-content\/uploads\/2025\/05\/formaggi-salumeria-da-albano.jpg","type":"image\/jpeg"}],"twitter_card":"summary_large_image","twitter_misc":{"Gesch\u00e4tzte Lesezeit":"2\u00a0Minuten"},"schema":{"@context":"https:\/\/schema.org","@graph":[{"@type":"WebPage","@id":"https:\/\/salumeriadaalbano.it\/de\/sorgfaeltig-ausgewaehlte-produkte-fuer-sie\/montasio-piancada-kaese\/","url":"https:\/\/salumeriadaalbano.it\/de\/sorgfaeltig-ausgewaehlte-produkte-fuer-sie\/montasio-piancada-kaese\/","name":"Montasio Piancada K\u00e4se - Salumeria da Albano - Eccellenze del gusto artigianale friulano","isPartOf":{"@id":"https:\/\/salumeriadaalbano.it\/de\/#website"},"primaryImageOfPage":{"@id":"https:\/\/salumeriadaalbano.it\/de\/sorgfaeltig-ausgewaehlte-produkte-fuer-sie\/montasio-piancada-kaese\/#primaryimage"},"image":{"@id":"https:\/\/salumeriadaalbano.it\/de\/sorgfaeltig-ausgewaehlte-produkte-fuer-sie\/montasio-piancada-kaese\/#primaryimage"},"thumbnailUrl":"https:\/\/salumeriadaalbano.it\/wp-content\/uploads\/2025\/05\/formaggi-salumeria-da-albano-1024x853.jpg","datePublished":"2025-05-14T14:59:09+00:00","dateModified":"2025-07-01T09:25:50+00:00","breadcrumb":{"@id":"https:\/\/salumeriadaalbano.it\/de\/sorgfaeltig-ausgewaehlte-produkte-fuer-sie\/montasio-piancada-kaese\/#breadcrumb"},"inLanguage":"de","potentialAction":[{"@type":"ReadAction","target":["https:\/\/salumeriadaalbano.it\/de\/sorgfaeltig-ausgewaehlte-produkte-fuer-sie\/montasio-piancada-kaese\/"]}]},{"@type":"ImageObject","inLanguage":"de","@id":"https:\/\/salumeriadaalbano.it\/de\/sorgfaeltig-ausgewaehlte-produkte-fuer-sie\/montasio-piancada-kaese\/#primaryimage","url":"https:\/\/salumeriadaalbano.it\/wp-content\/uploads\/2025\/05\/formaggi-salumeria-da-albano-1024x853.jpg","contentUrl":"https:\/\/salumeriadaalbano.it\/wp-content\/uploads\/2025\/05\/formaggi-salumeria-da-albano-1024x853.jpg"},{"@type":"BreadcrumbList","@id":"https:\/\/salumeriadaalbano.it\/de\/sorgfaeltig-ausgewaehlte-produkte-fuer-sie\/montasio-piancada-kaese\/#breadcrumb","itemListElement":[{"@type":"ListItem","position":1,"name":"Home","item":"https:\/\/salumeriadaalbano.it\/de\/"},{"@type":"ListItem","position":2,"name":"Ausgew\u00e4hlte Produkte f\u00fcr Sie","item":"https:\/\/salumeriadaalbano.it\/de\/sorgfaeltig-ausgewaehlte-produkte-fuer-sie\/"},{"@type":"ListItem","position":3,"name":"Montasio Piancada K\u00e4se"}]},{"@type":"WebSite","@id":"https:\/\/salumeriadaalbano.it\/de\/#website","url":"https:\/\/salumeriadaalbano.it\/de\/","name":"Salumeria da Albano - Sapori Autentici del Friuli dal 1961","description":"Prodotti tipici friulani selezionati con passione","publisher":{"@id":"https:\/\/salumeriadaalbano.it\/de\/#organization"},"potentialAction":[{"@type":"SearchAction","target":{"@type":"EntryPoint","urlTemplate":"https:\/\/salumeriadaalbano.it\/de\/?s={search_term_string}"},"query-input":{"@type":"PropertyValueSpecification","valueRequired":true,"valueName":"search_term_string"}}],"inLanguage":"de"},{"@type":"Organization","@id":"https:\/\/salumeriadaalbano.it\/de\/#organization","name":"Salumeria da Albano","url":"https:\/\/salumeriadaalbano.it\/de\/","logo":{"@type":"ImageObject","inLanguage":"de","@id":"https:\/\/salumeriadaalbano.it\/de\/#\/schema\/logo\/image\/","url":"https:\/\/salumeriadaalbano.it\/wp-content\/uploads\/2024\/11\/logo-salumeria-albano.png","contentUrl":"https:\/\/salumeriadaalbano.it\/wp-content\/uploads\/2024\/11\/logo-salumeria-albano.png","width":1647,"height":1227,"caption":"Salumeria da Albano"},"image":{"@id":"https:\/\/salumeriadaalbano.it\/de\/#\/schema\/logo\/image\/"}}]}},"_links":{"self":[{"href":"https:\/\/salumeriadaalbano.it\/de\/wp-json\/wp\/v2\/pages\/1243","targetHints":{"allow":["GET"]}}],"collection":[{"href":"https:\/\/salumeriadaalbano.it\/de\/wp-json\/wp\/v2\/pages"}],"about":[{"href":"https:\/\/salumeriadaalbano.it\/de\/wp-json\/wp\/v2\/types\/page"}],"author":[{"embeddable":true,"href":"https:\/\/salumeriadaalbano.it\/de\/wp-json\/wp\/v2\/users\/1"}],"replies":[{"embeddable":true,"href":"https:\/\/salumeriadaalbano.it\/de\/wp-json\/wp\/v2\/comments?post=1243"}],"version-history":[{"count":4,"href":"https:\/\/salumeriadaalbano.it\/de\/wp-json\/wp\/v2\/pages\/1243\/revisions"}],"predecessor-version":[{"id":1709,"href":"https:\/\/salumeriadaalbano.it\/de\/wp-json\/wp\/v2\/pages\/1243\/revisions\/1709"}],"up":[{"embeddable":true,"href":"https:\/\/salumeriadaalbano.it\/de\/wp-json\/wp\/v2\/pages\/1227"}],"wp:attachment":[{"href":"https:\/\/salumeriadaalbano.it\/de\/wp-json\/wp\/v2\/media?parent=1243"}],"curies":[{"name":"wp","href":"https:\/\/api.w.org\/{rel}","templated":true}]}}