{"id":1239,"date":"2025-05-14T15:06:19","date_gmt":"2025-05-14T15:06:19","guid":{"rendered":"https:\/\/dev.treativa.it\/bozze\/albano\/sorgfaeltig-ausgewaehlte-produkte-fuer-sie\/majani-schokolade\/"},"modified":"2025-07-01T09:25:27","modified_gmt":"2025-07-01T09:25:27","slug":"majani-schokolade","status":"publish","type":"page","link":"https:\/\/salumeriadaalbano.it\/de\/sorgfaeltig-ausgewaehlte-produkte-fuer-sie\/majani-schokolade\/","title":{"rendered":"Majani Schokolade"},"content":{"rendered":"\t\t<div data-elementor-type=\"wp-page\" data-elementor-id=\"1239\" class=\"elementor elementor-1239 elementor-623\" data-elementor-post-type=\"page\">\n\t\t\t\t<div class=\"elementor-element elementor-element-20574fd2 e-flex e-con-boxed e-con e-parent\" data-id=\"20574fd2\" data-element_type=\"container\" data-e-type=\"container\" data-settings=\"{&quot;background_background&quot;:&quot;classic&quot;}\">\n\t\t\t\t\t<div class=\"e-con-inner\">\n\t\t<div class=\"elementor-element elementor-element-4c5b2718 e-flex e-con-boxed e-con e-child\" data-id=\"4c5b2718\" data-element_type=\"container\" data-e-type=\"container\">\n\t\t\t\t\t<div class=\"e-con-inner\">\n\t\t\t\t<div class=\"elementor-element elementor-element-7140a85b elementor-invisible elementor-widget elementor-widget-heading\" data-id=\"7140a85b\" data-element_type=\"widget\" data-e-type=\"widget\" data-settings=\"{&quot;_animation&quot;:&quot;fadeInUp&quot;}\" data-widget_type=\"heading.default\">\n\t\t\t\t<div class=\"elementor-widget-container\">\n\t\t\t\t\t<h1 class=\"elementor-heading-title elementor-size-default\">Majani Schokolade<\/h1>\t\t\t\t<\/div>\n\t\t\t\t<\/div>\n\t\t\t\t<div class=\"elementor-element elementor-element-71dca32a elementor-invisible elementor-widget elementor-widget-heading\" data-id=\"71dca32a\" data-element_type=\"widget\" data-e-type=\"widget\" data-settings=\"{&quot;_animation&quot;:&quot;fadeInUp&quot;,&quot;_animation_delay&quot;:200}\" data-widget_type=\"heading.default\">\n\t\t\t\t<div class=\"elementor-widget-container\">\n\t\t\t\t\t<h4 class=\"elementor-heading-title elementor-size-default\">Seit 1796 \u2013 Die italienische Schokolade par excellence<\/h4>\t\t\t\t<\/div>\n\t\t\t\t<\/div>\n\t\t\t\t<div class=\"elementor-element elementor-element-aa6bb68 elementor-invisible elementor-widget elementor-widget-text-editor\" data-id=\"aa6bb68\" data-element_type=\"widget\" data-e-type=\"widget\" data-settings=\"{&quot;_animation&quot;:&quot;fadeInUp&quot;}\" data-widget_type=\"text-editor.default\">\n\t\t\t\t<div class=\"elementor-widget-container\">\n\t\t\t\t\t\t\t\t\t\t\t\t<!-- Flexy Breadcrumb -->\r\n\t\t\t<div class=\"fbc fbc-page\">\r\n\r\n\t\t\t\t<!-- Breadcrumb wrapper -->\r\n\t\t\t\t<div class=\"fbc-wrap\">\r\n\r\n\t\t\t\t\t<!-- Ordered list-->\r\n\t\t\t\t\t<ol class=\"fbc-items\" itemscope itemtype=\"https:\/\/schema.org\/BreadcrumbList\">\r\n\t\t\t\t\t\t            <li itemprop=\"itemListElement\" itemscope itemtype=\"https:\/\/schema.org\/ListItem\">\r\n                <span itemprop=\"name\">\r\n                    <!-- Home Link -->\r\n                    <a itemprop=\"item\" href=\"https:\/\/salumeriadaalbano.it\">\r\n                    \r\n                                                    <i class=\"fa fa-home\" aria-hidden=\"true\"><\/i>Home                    <\/a>\r\n                <\/span>\r\n                <meta itemprop=\"position\" content=\"1\" \/><!-- Meta Position-->\r\n             <\/li><li><span class=\"fbc-separator\">\/<\/span><\/li><li class=\"active\" itemprop=\"itemListElement\" itemscope itemtype=\"https:\/\/schema.org\/ListItem\"><span itemprop=\"name\" title=\"Majani Schokolade\">Majani Schokolade<\/span><meta itemprop=\"position\" content=\"2\" \/><\/li>\t\t\t\t\t<\/ol>\r\n\t\t\t\t\t<div class=\"clearfix\"><\/div>\r\n\t\t\t\t<\/div>\r\n\t\t\t<\/div>\r\n\t\t\t\t\t\t\t\t\t\t\t<\/div>\n\t\t\t\t<\/div>\n\t\t\t\t\t<\/div>\n\t\t\t\t<\/div>\n\t\t\t\t\t<\/div>\n\t\t\t\t<\/div>\n\t\t<div class=\"elementor-element elementor-element-155d5e5a e-flex e-con-boxed e-con e-parent\" data-id=\"155d5e5a\" data-element_type=\"container\" data-e-type=\"container\">\n\t\t\t\t\t<div class=\"e-con-inner\">\n\t\t<div class=\"elementor-element elementor-element-3571e10e e-con-full e-flex elementor-invisible e-con e-child\" data-id=\"3571e10e\" data-element_type=\"container\" data-e-type=\"container\" data-settings=\"{&quot;animation&quot;:&quot;fadeInLeft&quot;}\">\n\t\t\t\t<div class=\"elementor-element elementor-element-5249ccd8 elementor-widget elementor-widget-image\" data-id=\"5249ccd8\" data-element_type=\"widget\" data-e-type=\"widget\" data-widget_type=\"image.default\">\n\t\t\t\t<div class=\"elementor-widget-container\">\n\t\t\t\t\t\t\t\t\t\t\t\t\t\t\t<img fetchpriority=\"high\" decoding=\"async\" width=\"800\" height=\"666\" src=\"https:\/\/salumeriadaalbano.it\/wp-content\/uploads\/2025\/05\/cioccolato-salumeria-da-albano-1024x853.jpg\" class=\"attachment-large size-large wp-image-1082\" alt=\"\" srcset=\"https:\/\/salumeriadaalbano.it\/wp-content\/uploads\/2025\/05\/cioccolato-salumeria-da-albano-1024x853.jpg 1024w, https:\/\/salumeriadaalbano.it\/wp-content\/uploads\/2025\/05\/cioccolato-salumeria-da-albano-300x250.jpg 300w, https:\/\/salumeriadaalbano.it\/wp-content\/uploads\/2025\/05\/cioccolato-salumeria-da-albano-768x640.jpg 768w, https:\/\/salumeriadaalbano.it\/wp-content\/uploads\/2025\/05\/cioccolato-salumeria-da-albano-1536x1280.jpg 1536w, https:\/\/salumeriadaalbano.it\/wp-content\/uploads\/2025\/05\/cioccolato-salumeria-da-albano.jpg 1920w\" sizes=\"(max-width: 800px) 100vw, 800px\" \/>\t\t\t\t\t\t\t\t\t\t\t\t\t\t\t<\/div>\n\t\t\t\t<\/div>\n\t\t\t\t<\/div>\n\t\t<div class=\"elementor-element elementor-element-37dca9b3 e-con-full e-flex elementor-invisible e-con e-child\" data-id=\"37dca9b3\" data-element_type=\"container\" data-e-type=\"container\" data-settings=\"{&quot;animation&quot;:&quot;fadeInRight&quot;}\">\n\t\t\t\t<div class=\"elementor-element elementor-element-57f62193 elementor-widget elementor-widget-heading\" data-id=\"57f62193\" data-element_type=\"widget\" data-e-type=\"widget\" data-widget_type=\"heading.default\">\n\t\t\t\t<div class=\"elementor-widget-container\">\n\t\t\t\t\t<h2 class=\"elementor-heading-title elementor-size-default\">Majani Schokolade<\/h2>\t\t\t\t<\/div>\n\t\t\t\t<\/div>\n\t\t\t\t<div class=\"elementor-element elementor-element-42a5e80c elementor-widget elementor-widget-text-editor\" data-id=\"42a5e80c\" data-element_type=\"widget\" data-e-type=\"widget\" data-widget_type=\"text-editor.default\">\n\t\t\t\t<div class=\"elementor-widget-container\">\n\t\t\t\t\t\t\t\t\t<p class=\"p1\"><b>Majani<\/b> ist eine Reise ins Herz der italienischen Schokoladentradition. <b>Gegr\u00fcndet 1796 in Bologna<\/b>, ist sie die <b>\u00e4lteste Schokoladenfabrik Italiens<\/b>, die noch heute familiengef\u00fchrt ist. Ein Unternehmen, das es geschafft hat, handwerkliche <b>Tradition mit Innovationsgeist<\/b> zu vereinen \u2013 und so ikonische Produkte zu schaffen, die seit Generationen geliebt werden.  <\/p><p class=\"p1\">Majani verarbeitet direkt <b>rohe Kakaobohnen<\/b>, haupts\u00e4chlich aus Mittel- und S\u00fcdamerika, um reine, raffinierte Schokoladen herzustellen. Zu den Spezialit\u00e4ten geh\u00f6ren die <b>ber\u00fchmten Tafeln,<\/b> <b>aromatisierte Trinkschokoladen<\/b>, originelle <b>schokolierte Popcorn<\/b>, die <b>flachen Ostereier \u201ePlat\u00f3\u201c<\/b> und nat\u00fcrlich die <b>klassischen Pralinen<\/b>. <\/p><p class=\"p1\"><span class=\"s1\">\u2705<\/span> <b>Handwerkliche Schokolade mit vollst\u00e4ndiger Wertsch\u00f6pfungskette<br><br><\/b><\/p><p class=\"p1\"><span class=\"s1\">\u2705<\/span> <b>Einzigartige Spezialit\u00e4ten wie Plat\u00f3-Eier und Gourmet-Tafeln<\/b><\/p><p class=\"p1\"><span class=\"s1\">\u2705<\/span> <b>Perfekt als Geschenk oder f\u00fcr eine t\u00e4gliche s\u00fc\u00dfe Auszeit<\/b><\/p>\t\t\t\t\t\t\t\t<\/div>\n\t\t\t\t<\/div>\n\t\t\t\t<\/div>\n\t\t\t\t\t<\/div>\n\t\t\t\t<\/div>\n\t\t<div class=\"elementor-element elementor-element-57bc5b25 e-flex e-con-boxed e-con e-parent\" data-id=\"57bc5b25\" data-element_type=\"container\" data-e-type=\"container\" data-settings=\"{&quot;background_background&quot;:&quot;classic&quot;}\">\n\t\t\t\t\t<div class=\"e-con-inner\">\n\t\t<div class=\"elementor-element elementor-element-da289bf e-con-full e-flex elementor-invisible e-con e-child\" data-id=\"da289bf\" data-element_type=\"container\" data-e-type=\"container\" data-settings=\"{&quot;background_background&quot;:&quot;classic&quot;,&quot;animation&quot;:&quot;fadeInUp&quot;,&quot;animation_delay&quot;:200}\">\n\t\t<div class=\"elementor-element elementor-element-38d03bb0 e-con-full e-flex e-con e-child\" data-id=\"38d03bb0\" data-element_type=\"container\" data-e-type=\"container\">\n\t\t\t\t<div class=\"elementor-element elementor-element-23170401 elementor-widget elementor-widget-heading\" data-id=\"23170401\" data-element_type=\"widget\" data-e-type=\"widget\" data-widget_type=\"heading.default\">\n\t\t\t\t<div class=\"elementor-widget-container\">\n\t\t\t\t\t<h2 class=\"elementor-heading-title elementor-size-default\">Entdecken Sie die Majani-Auswahl bei Salumeria da Albano in Ronchis (Udine):<br>W\u00e4hlen Sie Ihre italienische Versuchung!\n<\/h2>\t\t\t\t<\/div>\n\t\t\t\t<\/div>\n\t\t\t\t<div class=\"elementor-element elementor-element-4989c32a elementor-mobile-align-center elementor-widget elementor-widget-button\" data-id=\"4989c32a\" data-element_type=\"widget\" data-e-type=\"widget\" data-widget_type=\"button.default\">\n\t\t\t\t<div class=\"elementor-widget-container\">\n\t\t\t\t\t\t\t\t\t<div class=\"elementor-button-wrapper\">\n\t\t\t\t\t<a class=\"elementor-button elementor-button-link elementor-size-md\" href=\"https:\/\/salumeriadaalbano.it\/de\/kontakte\/\">\n\t\t\t\t\t\t<span class=\"elementor-button-content-wrapper\">\n\t\t\t\t\t\t\t\t\t<span class=\"elementor-button-text\">Kontakt<\/span>\n\t\t\t\t\t<\/span>\n\t\t\t\t\t<\/a>\n\t\t\t\t<\/div>\n\t\t\t\t\t\t\t\t<\/div>\n\t\t\t\t<\/div>\n\t\t\t\t<\/div>\n\t\t\t\t<\/div>\n\t\t\t\t\t<\/div>\n\t\t\t\t<\/div>\n\t\t\t\t<\/div>\n\t\t","protected":false},"excerpt":{"rendered":"<p>Seit 1796 \u2013 Die italienische Schokolade par excellence Majani Schokolade Majani ist eine Reise ins Herz der italienischen Schokoladentradition. Gegr\u00fcndet 1796 in Bologna, ist sie die \u00e4lteste Schokoladenfabrik Italiens, die noch heute familiengef\u00fchrt ist. Ein Unternehmen, das es geschafft hat, handwerkliche Tradition mit Innovationsgeist zu vereinen \u2013 und so ikonische Produkte zu schaffen, die seit [&hellip;]<\/p>\n","protected":false},"author":1,"featured_media":0,"parent":1227,"menu_order":0,"comment_status":"closed","ping_status":"closed","template":"elementor_header_footer","meta":{"footnotes":""},"class_list":["post-1239","page","type-page","status-publish","hentry"],"yoast_head":"<!-- This site is optimized with the Yoast SEO plugin v27.3 - https:\/\/yoast.com\/product\/yoast-seo-wordpress\/ -->\n<title>Majani Schokolade - Salumeria da Albano - Eccellenze del gusto artigianale friulano<\/title>\n<meta name=\"robots\" content=\"index, follow, max-snippet:-1, max-image-preview:large, max-video-preview:-1\" \/>\n<link rel=\"canonical\" href=\"https:\/\/salumeriadaalbano.it\/de\/sorgfaeltig-ausgewaehlte-produkte-fuer-sie\/majani-schokolade\/\" \/>\n<meta property=\"og:locale\" content=\"de_DE\" \/>\n<meta property=\"og:type\" content=\"article\" \/>\n<meta property=\"og:title\" content=\"Majani Schokolade - Salumeria da Albano - Eccellenze del gusto artigianale friulano\" \/>\n<meta property=\"og:description\" content=\"Seit 1796 \u2013 Die italienische Schokolade par excellence Majani Schokolade Majani ist eine Reise ins Herz der italienischen Schokoladentradition. Gegr\u00fcndet 1796 in Bologna, ist sie die \u00e4lteste Schokoladenfabrik Italiens, die noch heute familiengef\u00fchrt ist. Ein Unternehmen, das es geschafft hat, handwerkliche Tradition mit Innovationsgeist zu vereinen \u2013 und so ikonische Produkte zu schaffen, die seit [&hellip;]\" \/>\n<meta property=\"og:url\" content=\"https:\/\/salumeriadaalbano.it\/de\/sorgfaeltig-ausgewaehlte-produkte-fuer-sie\/majani-schokolade\/\" \/>\n<meta property=\"og:site_name\" content=\"Salumeria da Albano - Eccellenze del gusto artigianale friulano\" \/>\n<meta property=\"article:modified_time\" content=\"2025-07-01T09:25:27+00:00\" \/>\n<meta property=\"og:image\" content=\"https:\/\/salumeriadaalbano.it\/wp-content\/uploads\/2025\/05\/cioccolato-salumeria-da-albano.jpg\" \/>\n\t<meta property=\"og:image:width\" content=\"1920\" \/>\n\t<meta property=\"og:image:height\" content=\"1600\" \/>\n\t<meta property=\"og:image:type\" content=\"image\/jpeg\" \/>\n<meta name=\"twitter:card\" content=\"summary_large_image\" \/>\n<meta name=\"twitter:label1\" content=\"Gesch\u00e4tzte Lesezeit\" \/>\n\t<meta name=\"twitter:data1\" content=\"2\u00a0Minuten\" \/>\n<script type=\"application\/ld+json\" class=\"yoast-schema-graph\">{\"@context\":\"https:\\\/\\\/schema.org\",\"@graph\":[{\"@type\":\"WebPage\",\"@id\":\"https:\\\/\\\/salumeriadaalbano.it\\\/de\\\/sorgfaeltig-ausgewaehlte-produkte-fuer-sie\\\/majani-schokolade\\\/\",\"url\":\"https:\\\/\\\/salumeriadaalbano.it\\\/de\\\/sorgfaeltig-ausgewaehlte-produkte-fuer-sie\\\/majani-schokolade\\\/\",\"name\":\"Majani Schokolade - Salumeria da Albano - Eccellenze del gusto artigianale friulano\",\"isPartOf\":{\"@id\":\"https:\\\/\\\/salumeriadaalbano.it\\\/de\\\/#website\"},\"primaryImageOfPage\":{\"@id\":\"https:\\\/\\\/salumeriadaalbano.it\\\/de\\\/sorgfaeltig-ausgewaehlte-produkte-fuer-sie\\\/majani-schokolade\\\/#primaryimage\"},\"image\":{\"@id\":\"https:\\\/\\\/salumeriadaalbano.it\\\/de\\\/sorgfaeltig-ausgewaehlte-produkte-fuer-sie\\\/majani-schokolade\\\/#primaryimage\"},\"thumbnailUrl\":\"https:\\\/\\\/salumeriadaalbano.it\\\/wp-content\\\/uploads\\\/2025\\\/05\\\/cioccolato-salumeria-da-albano-1024x853.jpg\",\"datePublished\":\"2025-05-14T15:06:19+00:00\",\"dateModified\":\"2025-07-01T09:25:27+00:00\",\"breadcrumb\":{\"@id\":\"https:\\\/\\\/salumeriadaalbano.it\\\/de\\\/sorgfaeltig-ausgewaehlte-produkte-fuer-sie\\\/majani-schokolade\\\/#breadcrumb\"},\"inLanguage\":\"de\",\"potentialAction\":[{\"@type\":\"ReadAction\",\"target\":[\"https:\\\/\\\/salumeriadaalbano.it\\\/de\\\/sorgfaeltig-ausgewaehlte-produkte-fuer-sie\\\/majani-schokolade\\\/\"]}]},{\"@type\":\"ImageObject\",\"inLanguage\":\"de\",\"@id\":\"https:\\\/\\\/salumeriadaalbano.it\\\/de\\\/sorgfaeltig-ausgewaehlte-produkte-fuer-sie\\\/majani-schokolade\\\/#primaryimage\",\"url\":\"https:\\\/\\\/salumeriadaalbano.it\\\/wp-content\\\/uploads\\\/2025\\\/05\\\/cioccolato-salumeria-da-albano-1024x853.jpg\",\"contentUrl\":\"https:\\\/\\\/salumeriadaalbano.it\\\/wp-content\\\/uploads\\\/2025\\\/05\\\/cioccolato-salumeria-da-albano-1024x853.jpg\"},{\"@type\":\"BreadcrumbList\",\"@id\":\"https:\\\/\\\/salumeriadaalbano.it\\\/de\\\/sorgfaeltig-ausgewaehlte-produkte-fuer-sie\\\/majani-schokolade\\\/#breadcrumb\",\"itemListElement\":[{\"@type\":\"ListItem\",\"position\":1,\"name\":\"Home\",\"item\":\"https:\\\/\\\/salumeriadaalbano.it\\\/de\\\/\"},{\"@type\":\"ListItem\",\"position\":2,\"name\":\"Ausgew\u00e4hlte Produkte f\u00fcr Sie\",\"item\":\"https:\\\/\\\/salumeriadaalbano.it\\\/de\\\/sorgfaeltig-ausgewaehlte-produkte-fuer-sie\\\/\"},{\"@type\":\"ListItem\",\"position\":3,\"name\":\"Majani Schokolade\"}]},{\"@type\":\"WebSite\",\"@id\":\"https:\\\/\\\/salumeriadaalbano.it\\\/de\\\/#website\",\"url\":\"https:\\\/\\\/salumeriadaalbano.it\\\/de\\\/\",\"name\":\"Salumeria da Albano - Sapori Autentici del Friuli dal 1961\",\"description\":\"Prodotti tipici friulani selezionati con passione\",\"publisher\":{\"@id\":\"https:\\\/\\\/salumeriadaalbano.it\\\/de\\\/#organization\"},\"potentialAction\":[{\"@type\":\"SearchAction\",\"target\":{\"@type\":\"EntryPoint\",\"urlTemplate\":\"https:\\\/\\\/salumeriadaalbano.it\\\/de\\\/?s={search_term_string}\"},\"query-input\":{\"@type\":\"PropertyValueSpecification\",\"valueRequired\":true,\"valueName\":\"search_term_string\"}}],\"inLanguage\":\"de\"},{\"@type\":\"Organization\",\"@id\":\"https:\\\/\\\/salumeriadaalbano.it\\\/de\\\/#organization\",\"name\":\"Salumeria da Albano\",\"url\":\"https:\\\/\\\/salumeriadaalbano.it\\\/de\\\/\",\"logo\":{\"@type\":\"ImageObject\",\"inLanguage\":\"de\",\"@id\":\"https:\\\/\\\/salumeriadaalbano.it\\\/de\\\/#\\\/schema\\\/logo\\\/image\\\/\",\"url\":\"https:\\\/\\\/salumeriadaalbano.it\\\/wp-content\\\/uploads\\\/2024\\\/11\\\/logo-salumeria-albano.png\",\"contentUrl\":\"https:\\\/\\\/salumeriadaalbano.it\\\/wp-content\\\/uploads\\\/2024\\\/11\\\/logo-salumeria-albano.png\",\"width\":1647,\"height\":1227,\"caption\":\"Salumeria da Albano\"},\"image\":{\"@id\":\"https:\\\/\\\/salumeriadaalbano.it\\\/de\\\/#\\\/schema\\\/logo\\\/image\\\/\"}}]}<\/script>\n<!-- \/ Yoast SEO plugin. -->","yoast_head_json":{"title":"Majani Schokolade - Salumeria da Albano - Eccellenze del gusto artigianale friulano","robots":{"index":"index","follow":"follow","max-snippet":"max-snippet:-1","max-image-preview":"max-image-preview:large","max-video-preview":"max-video-preview:-1"},"canonical":"https:\/\/salumeriadaalbano.it\/de\/sorgfaeltig-ausgewaehlte-produkte-fuer-sie\/majani-schokolade\/","og_locale":"de_DE","og_type":"article","og_title":"Majani Schokolade - Salumeria da Albano - Eccellenze del gusto artigianale friulano","og_description":"Seit 1796 \u2013 Die italienische Schokolade par excellence Majani Schokolade Majani ist eine Reise ins Herz der italienischen Schokoladentradition. Gegr\u00fcndet 1796 in Bologna, ist sie die \u00e4lteste Schokoladenfabrik Italiens, die noch heute familiengef\u00fchrt ist. Ein Unternehmen, das es geschafft hat, handwerkliche Tradition mit Innovationsgeist zu vereinen \u2013 und so ikonische Produkte zu schaffen, die seit [&hellip;]","og_url":"https:\/\/salumeriadaalbano.it\/de\/sorgfaeltig-ausgewaehlte-produkte-fuer-sie\/majani-schokolade\/","og_site_name":"Salumeria da Albano - Eccellenze del gusto artigianale friulano","article_modified_time":"2025-07-01T09:25:27+00:00","og_image":[{"width":1920,"height":1600,"url":"https:\/\/salumeriadaalbano.it\/wp-content\/uploads\/2025\/05\/cioccolato-salumeria-da-albano.jpg","type":"image\/jpeg"}],"twitter_card":"summary_large_image","twitter_misc":{"Gesch\u00e4tzte Lesezeit":"2\u00a0Minuten"},"schema":{"@context":"https:\/\/schema.org","@graph":[{"@type":"WebPage","@id":"https:\/\/salumeriadaalbano.it\/de\/sorgfaeltig-ausgewaehlte-produkte-fuer-sie\/majani-schokolade\/","url":"https:\/\/salumeriadaalbano.it\/de\/sorgfaeltig-ausgewaehlte-produkte-fuer-sie\/majani-schokolade\/","name":"Majani Schokolade - Salumeria da Albano - Eccellenze del gusto artigianale friulano","isPartOf":{"@id":"https:\/\/salumeriadaalbano.it\/de\/#website"},"primaryImageOfPage":{"@id":"https:\/\/salumeriadaalbano.it\/de\/sorgfaeltig-ausgewaehlte-produkte-fuer-sie\/majani-schokolade\/#primaryimage"},"image":{"@id":"https:\/\/salumeriadaalbano.it\/de\/sorgfaeltig-ausgewaehlte-produkte-fuer-sie\/majani-schokolade\/#primaryimage"},"thumbnailUrl":"https:\/\/salumeriadaalbano.it\/wp-content\/uploads\/2025\/05\/cioccolato-salumeria-da-albano-1024x853.jpg","datePublished":"2025-05-14T15:06:19+00:00","dateModified":"2025-07-01T09:25:27+00:00","breadcrumb":{"@id":"https:\/\/salumeriadaalbano.it\/de\/sorgfaeltig-ausgewaehlte-produkte-fuer-sie\/majani-schokolade\/#breadcrumb"},"inLanguage":"de","potentialAction":[{"@type":"ReadAction","target":["https:\/\/salumeriadaalbano.it\/de\/sorgfaeltig-ausgewaehlte-produkte-fuer-sie\/majani-schokolade\/"]}]},{"@type":"ImageObject","inLanguage":"de","@id":"https:\/\/salumeriadaalbano.it\/de\/sorgfaeltig-ausgewaehlte-produkte-fuer-sie\/majani-schokolade\/#primaryimage","url":"https:\/\/salumeriadaalbano.it\/wp-content\/uploads\/2025\/05\/cioccolato-salumeria-da-albano-1024x853.jpg","contentUrl":"https:\/\/salumeriadaalbano.it\/wp-content\/uploads\/2025\/05\/cioccolato-salumeria-da-albano-1024x853.jpg"},{"@type":"BreadcrumbList","@id":"https:\/\/salumeriadaalbano.it\/de\/sorgfaeltig-ausgewaehlte-produkte-fuer-sie\/majani-schokolade\/#breadcrumb","itemListElement":[{"@type":"ListItem","position":1,"name":"Home","item":"https:\/\/salumeriadaalbano.it\/de\/"},{"@type":"ListItem","position":2,"name":"Ausgew\u00e4hlte Produkte f\u00fcr Sie","item":"https:\/\/salumeriadaalbano.it\/de\/sorgfaeltig-ausgewaehlte-produkte-fuer-sie\/"},{"@type":"ListItem","position":3,"name":"Majani Schokolade"}]},{"@type":"WebSite","@id":"https:\/\/salumeriadaalbano.it\/de\/#website","url":"https:\/\/salumeriadaalbano.it\/de\/","name":"Salumeria da Albano - Sapori Autentici del Friuli dal 1961","description":"Prodotti tipici friulani selezionati con passione","publisher":{"@id":"https:\/\/salumeriadaalbano.it\/de\/#organization"},"potentialAction":[{"@type":"SearchAction","target":{"@type":"EntryPoint","urlTemplate":"https:\/\/salumeriadaalbano.it\/de\/?s={search_term_string}"},"query-input":{"@type":"PropertyValueSpecification","valueRequired":true,"valueName":"search_term_string"}}],"inLanguage":"de"},{"@type":"Organization","@id":"https:\/\/salumeriadaalbano.it\/de\/#organization","name":"Salumeria da Albano","url":"https:\/\/salumeriadaalbano.it\/de\/","logo":{"@type":"ImageObject","inLanguage":"de","@id":"https:\/\/salumeriadaalbano.it\/de\/#\/schema\/logo\/image\/","url":"https:\/\/salumeriadaalbano.it\/wp-content\/uploads\/2024\/11\/logo-salumeria-albano.png","contentUrl":"https:\/\/salumeriadaalbano.it\/wp-content\/uploads\/2024\/11\/logo-salumeria-albano.png","width":1647,"height":1227,"caption":"Salumeria da Albano"},"image":{"@id":"https:\/\/salumeriadaalbano.it\/de\/#\/schema\/logo\/image\/"}}]}},"_links":{"self":[{"href":"https:\/\/salumeriadaalbano.it\/de\/wp-json\/wp\/v2\/pages\/1239","targetHints":{"allow":["GET"]}}],"collection":[{"href":"https:\/\/salumeriadaalbano.it\/de\/wp-json\/wp\/v2\/pages"}],"about":[{"href":"https:\/\/salumeriadaalbano.it\/de\/wp-json\/wp\/v2\/types\/page"}],"author":[{"embeddable":true,"href":"https:\/\/salumeriadaalbano.it\/de\/wp-json\/wp\/v2\/users\/1"}],"replies":[{"embeddable":true,"href":"https:\/\/salumeriadaalbano.it\/de\/wp-json\/wp\/v2\/comments?post=1239"}],"version-history":[{"count":4,"href":"https:\/\/salumeriadaalbano.it\/de\/wp-json\/wp\/v2\/pages\/1239\/revisions"}],"predecessor-version":[{"id":1706,"href":"https:\/\/salumeriadaalbano.it\/de\/wp-json\/wp\/v2\/pages\/1239\/revisions\/1706"}],"up":[{"embeddable":true,"href":"https:\/\/salumeriadaalbano.it\/de\/wp-json\/wp\/v2\/pages\/1227"}],"wp:attachment":[{"href":"https:\/\/salumeriadaalbano.it\/de\/wp-json\/wp\/v2\/media?parent=1239"}],"curies":[{"name":"wp","href":"https:\/\/api.w.org\/{rel}","templated":true}]}}