{"id":1225,"date":"2024-11-20T14:13:03","date_gmt":"2024-11-20T14:13:03","guid":{"rendered":"https:\/\/dev.treativa.it\/bozze\/albano\/kontakte\/"},"modified":"2025-06-11T13:07:10","modified_gmt":"2025-06-11T13:07:10","slug":"kontakte","status":"publish","type":"page","link":"https:\/\/salumeriadaalbano.it\/de\/kontakte\/","title":{"rendered":"Kontakte"},"content":{"rendered":"\t\t<div data-elementor-type=\"wp-page\" data-elementor-id=\"1225\" class=\"elementor elementor-1225 elementor-124\" data-elementor-post-type=\"page\">\n\t\t\t\t<div class=\"elementor-element elementor-element-f2a5907 e-flex e-con-boxed e-con e-parent\" data-id=\"f2a5907\" data-element_type=\"container\" data-e-type=\"container\" data-settings=\"{&quot;background_background&quot;:&quot;classic&quot;}\">\n\t\t\t\t\t<div class=\"e-con-inner\">\n\t\t<div class=\"elementor-element elementor-element-3959cd2b e-flex e-con-boxed e-con e-child\" data-id=\"3959cd2b\" data-element_type=\"container\" data-e-type=\"container\">\n\t\t\t\t\t<div class=\"e-con-inner\">\n\t\t\t\t<div class=\"elementor-element elementor-element-5feb438c elementor-invisible elementor-widget elementor-widget-heading\" data-id=\"5feb438c\" data-element_type=\"widget\" data-e-type=\"widget\" data-settings=\"{&quot;_animation&quot;:&quot;fadeInUp&quot;}\" data-widget_type=\"heading.default\">\n\t\t\t\t<div class=\"elementor-widget-container\">\n\t\t\t\t\t<h1 class=\"elementor-heading-title elementor-size-default\">Kontakte<\/h1>\t\t\t\t<\/div>\n\t\t\t\t<\/div>\n\t\t\t\t<div class=\"elementor-element elementor-element-fd96086 elementor-invisible elementor-widget elementor-widget-heading\" data-id=\"fd96086\" data-element_type=\"widget\" data-e-type=\"widget\" data-settings=\"{&quot;_animation&quot;:&quot;fadeInUp&quot;,&quot;_animation_delay&quot;:200}\" data-widget_type=\"heading.default\">\n\t\t\t\t<div class=\"elementor-widget-container\">\n\t\t\t\t\t<h4 class=\"elementor-heading-title elementor-size-default\">Wir sind immer f\u00fcr Sie da<\/h4>\t\t\t\t<\/div>\n\t\t\t\t<\/div>\n\t\t\t\t\t<\/div>\n\t\t\t\t<\/div>\n\t\t\t\t\t<\/div>\n\t\t\t\t<\/div>\n\t\t<div class=\"elementor-element elementor-element-21f99385 e-flex e-con-boxed e-con e-parent\" data-id=\"21f99385\" data-element_type=\"container\" data-e-type=\"container\" data-settings=\"{&quot;background_background&quot;:&quot;classic&quot;}\">\n\t\t\t\t\t<div class=\"e-con-inner\">\n\t\t<div class=\"elementor-element elementor-element-26735aea e-con-full e-flex elementor-invisible e-con e-child\" data-id=\"26735aea\" data-element_type=\"container\" data-e-type=\"container\" data-settings=\"{&quot;animation&quot;:&quot;fadeInLeft&quot;}\">\n\t\t\t\t<div class=\"elementor-element elementor-element-53b43b89 elementor-widget elementor-widget-heading\" data-id=\"53b43b89\" data-element_type=\"widget\" data-e-type=\"widget\" data-widget_type=\"heading.default\">\n\t\t\t\t<div class=\"elementor-widget-container\">\n\t\t\t\t\t<h6 class=\"elementor-heading-title elementor-size-default\">Unsere Kontakte<\/h6>\t\t\t\t<\/div>\n\t\t\t\t<\/div>\n\t\t\t\t<div class=\"elementor-element elementor-element-771e42a4 elementor-widget elementor-widget-heading\" data-id=\"771e42a4\" data-element_type=\"widget\" data-e-type=\"widget\" data-widget_type=\"heading.default\">\n\t\t\t\t<div class=\"elementor-widget-container\">\n\t\t\t\t\t<h2 class=\"elementor-heading-title elementor-size-default\">Salumeria da Albano<\/h2>\t\t\t\t<\/div>\n\t\t\t\t<\/div>\n\t\t\t\t<div class=\"elementor-element elementor-element-550bd665 elementor-view-stacked elementor-shape-square elementor-position-inline-start elementor-mobile-position-inline-start elementor-widget elementor-widget-icon-box\" data-id=\"550bd665\" data-element_type=\"widget\" data-e-type=\"widget\" data-widget_type=\"icon-box.default\">\n\t\t\t\t<div class=\"elementor-widget-container\">\n\t\t\t\t\t\t\t<div class=\"elementor-icon-box-wrapper\">\n\n\t\t\t\t\t\t<div class=\"elementor-icon-box-icon\">\n\t\t\t\t<span  class=\"elementor-icon\">\n\t\t\t\t<i aria-hidden=\"true\" class=\"icon icon-map-marker1\"><\/i>\t\t\t\t<\/span>\n\t\t\t<\/div>\n\t\t\t\n\t\t\t\t\t\t<div class=\"elementor-icon-box-content\">\n\n\t\t\t\t\t\t\t\t\t<div class=\"elementor-icon-box-title\">\n\t\t\t\t\t\t<span  >\n\t\t\t\t\t\t\tAdresse\t\t\t\t\t\t<\/span>\n\t\t\t\t\t<\/div>\n\t\t\t\t\n\t\t\t\t\t\t\t\t\t<p class=\"elementor-icon-box-description\">\n\t\t\t\t\t\tCorso Italia 16, 33050 Ronchis, UD\t\t\t\t\t<\/p>\n\t\t\t\t\n\t\t\t<\/div>\n\t\t\t\n\t\t<\/div>\n\t\t\t\t\t\t<\/div>\n\t\t\t\t<\/div>\n\t\t\t\t<div class=\"elementor-element elementor-element-bc2b66f elementor-view-stacked elementor-shape-square elementor-position-inline-start elementor-mobile-position-inline-start elementor-widget elementor-widget-icon-box\" data-id=\"bc2b66f\" data-element_type=\"widget\" data-e-type=\"widget\" data-widget_type=\"icon-box.default\">\n\t\t\t\t<div class=\"elementor-widget-container\">\n\t\t\t\t\t\t\t<div class=\"elementor-icon-box-wrapper\">\n\n\t\t\t\t\t\t<div class=\"elementor-icon-box-icon\">\n\t\t\t\t<a href=\"mailto:info@salumeriadaalbano.it\" class=\"elementor-icon\" tabindex=\"-1\" aria-label=\"E-Mail-Adresse\">\n\t\t\t\t<i aria-hidden=\"true\" class=\"icon icon-envelope1\"><\/i>\t\t\t\t<\/a>\n\t\t\t<\/div>\n\t\t\t\n\t\t\t\t\t\t<div class=\"elementor-icon-box-content\">\n\n\t\t\t\t\t\t\t\t\t<div class=\"elementor-icon-box-title\">\n\t\t\t\t\t\t<a href=\"mailto:info@salumeriadaalbano.it\" >\n\t\t\t\t\t\t\tE-Mail-Adresse\t\t\t\t\t\t<\/a>\n\t\t\t\t\t<\/div>\n\t\t\t\t\n\t\t\t\t\t\t\t\t\t<p class=\"elementor-icon-box-description\">\n\t\t\t\t\t\tinfo@salumeriadaalbano.it\t\t\t\t\t<\/p>\n\t\t\t\t\n\t\t\t<\/div>\n\t\t\t\n\t\t<\/div>\n\t\t\t\t\t\t<\/div>\n\t\t\t\t<\/div>\n\t\t\t\t<div class=\"elementor-element elementor-element-23ffe8c elementor-view-stacked elementor-shape-square elementor-position-inline-start elementor-mobile-position-inline-start elementor-widget elementor-widget-icon-box\" data-id=\"23ffe8c\" data-element_type=\"widget\" data-e-type=\"widget\" data-widget_type=\"icon-box.default\">\n\t\t\t\t<div class=\"elementor-widget-container\">\n\t\t\t\t\t\t\t<div class=\"elementor-icon-box-wrapper\">\n\n\t\t\t\t\t\t<div class=\"elementor-icon-box-icon\">\n\t\t\t\t<a href=\"tel:+39%200431%2056379\" class=\"elementor-icon\" tabindex=\"-1\" aria-label=\"Telefonnummer\">\n\t\t\t\t<i aria-hidden=\"true\" class=\"lnr lnr-phone-handset\"><\/i>\t\t\t\t<\/a>\n\t\t\t<\/div>\n\t\t\t\n\t\t\t\t\t\t<div class=\"elementor-icon-box-content\">\n\n\t\t\t\t\t\t\t\t\t<div class=\"elementor-icon-box-title\">\n\t\t\t\t\t\t<a href=\"tel:+39%200431%2056379\" >\n\t\t\t\t\t\t\tTelefonnummer\t\t\t\t\t\t<\/a>\n\t\t\t\t\t<\/div>\n\t\t\t\t\n\t\t\t\t\t\t\t\t\t<p class=\"elementor-icon-box-description\">\n\t\t\t\t\t\t+39 0431 56379\t\t\t\t\t<\/p>\n\t\t\t\t\n\t\t\t<\/div>\n\t\t\t\n\t\t<\/div>\n\t\t\t\t\t\t<\/div>\n\t\t\t\t<\/div>\n\t\t\t\t<div class=\"elementor-element elementor-element-1275c16 elementor-view-stacked elementor-shape-square elementor-position-inline-start elementor-mobile-position-inline-start elementor-widget elementor-widget-icon-box\" data-id=\"1275c16\" data-element_type=\"widget\" data-e-type=\"widget\" data-widget_type=\"icon-box.default\">\n\t\t\t\t<div class=\"elementor-widget-container\">\n\t\t\t\t\t\t\t<div class=\"elementor-icon-box-wrapper\">\n\n\t\t\t\t\t\t<div class=\"elementor-icon-box-icon\">\n\t\t\t\t<a href=\"tel:+39%200431%2056379\" class=\"elementor-icon\" tabindex=\"-1\" aria-label=\"\u00d6ffnungszeiten\">\n\t\t\t\t<i aria-hidden=\"true\" class=\"lnr lnr-clock\"><\/i>\t\t\t\t<\/a>\n\t\t\t<\/div>\n\t\t\t\n\t\t\t\t\t\t<div class=\"elementor-icon-box-content\">\n\n\t\t\t\t\t\t\t\t\t<div class=\"elementor-icon-box-title\">\n\t\t\t\t\t\t<a href=\"tel:+39%200431%2056379\" >\n\t\t\t\t\t\t\t\u00d6ffnungszeiten\t\t\t\t\t\t<\/a>\n\t\t\t\t\t<\/div>\n\t\t\t\t\n\t\t\t\t\t\t\t\t\t<p class=\"elementor-icon-box-description\">\n\t\t\t\t\t\tSOMMERZEIT\nMontag bis Samstag:\n8:00 \u2013 12:30 | 16:00 \u2013 19:30<br>Montag- und Mittwochnachmittag geschlossen.<br>Sonntag geschlossen.<br><br><br><br>WINTERZEIT<br>Montag bis Samstag:<br>8:00 \u2013 12:30 | 15:30 \u2013 19:00<br>Montag- und Mittwochnachmittag geschlossen.<br>Sonntag geschlossen.\t\t\t\t\t<\/p>\n\t\t\t\t\n\t\t\t<\/div>\n\t\t\t\n\t\t<\/div>\n\t\t\t\t\t\t<\/div>\n\t\t\t\t<\/div>\n\t\t\t\t<\/div>\n\t\t<div class=\"elementor-element elementor-element-111f571e e-con-full e-flex elementor-invisible e-con e-child\" data-id=\"111f571e\" data-element_type=\"container\" data-e-type=\"container\" data-settings=\"{&quot;background_background&quot;:&quot;classic&quot;,&quot;animation&quot;:&quot;fadeInRight&quot;}\">\n\t\t\t\t<div class=\"elementor-element elementor-element-1fe1e4ce elementor-widget elementor-widget-heading\" data-id=\"1fe1e4ce\" data-element_type=\"widget\" data-e-type=\"widget\" data-widget_type=\"heading.default\">\n\t\t\t\t<div class=\"elementor-widget-container\">\n\t\t\t\t\t<h2 class=\"elementor-heading-title elementor-size-default\">F\u00fcr Informationen<\/h2>\t\t\t\t<\/div>\n\t\t\t\t<\/div>\n\t\t\t\t<div class=\"elementor-element elementor-element-5a91a102 elementor-widget elementor-widget-heading\" data-id=\"5a91a102\" data-element_type=\"widget\" data-e-type=\"widget\" data-widget_type=\"heading.default\">\n\t\t\t\t<div class=\"elementor-widget-container\">\n\t\t\t\t\t<div class=\"elementor-heading-title elementor-size-default\">Bitte f\u00fcllen Sie das Formular vollst\u00e4ndig aus.<br>Wir werden Sie so bald wie m\u00f6glich kontaktieren. Vielen Dank! <\/div>\t\t\t\t<\/div>\n\t\t\t\t<\/div>\n\t\t\t\t<div class=\"elementor-element elementor-element-54d382c elementor-widget elementor-widget-html\" data-id=\"54d382c\" data-element_type=\"widget\" data-e-type=\"widget\" data-widget_type=\"html.default\">\n\t\t\t\t<div class=\"elementor-widget-container\">\n\t\t\t\t\t\n<div class=\"wpcf7 no-js\" id=\"wpcf7-f1220-o1\" lang=\"de-DE\" dir=\"ltr\" data-wpcf7-id=\"1220\">\n<div class=\"screen-reader-response\"><p role=\"status\" aria-live=\"polite\" aria-atomic=\"true\"><\/p> <ul><\/ul><\/div>\n<form action=\"\/de\/wp-json\/wp\/v2\/pages\/1225#wpcf7-f1220-o1\" method=\"post\" class=\"wpcf7-form init wpcf7-acceptance-as-validation\" aria-label=\"Kontaktformular\" novalidate=\"novalidate\" data-status=\"init\">\n<fieldset class=\"hidden-fields-container\"><input type=\"hidden\" name=\"_wpcf7\" value=\"1220\" \/><input type=\"hidden\" name=\"_wpcf7_version\" value=\"6.1.5\" \/><input type=\"hidden\" name=\"_wpcf7_locale\" value=\"de_DE\" \/><input type=\"hidden\" name=\"_wpcf7_unit_tag\" value=\"wpcf7-f1220-o1\" \/><input type=\"hidden\" name=\"_wpcf7_container_post\" value=\"0\" \/><input type=\"hidden\" name=\"_wpcf7_posted_data_hash\" value=\"\" \/><input type=\"hidden\" name=\"_wpcf7_recaptcha_response\" value=\"\" \/>\n<\/fieldset>\n<div class=\"responsive-form\">\n\t<div class=\"form-row\">\n\t\t<div class=\"column-half\">\n\t\t\t<p><label> Name *<br \/>\n<span class=\"wpcf7-form-control-wrap\" data-name=\"your-name\"><input size=\"40\" maxlength=\"400\" class=\"wpcf7-form-control wpcf7-text wpcf7-validates-as-required\" aria-required=\"true\" aria-invalid=\"false\" value=\"\" type=\"text\" name=\"your-name\" \/><\/span> <\/label>\n\t\t\t<\/p>\n\t\t<\/div>\n\t\t<div class=\"column-half\">\n\t\t\t<p><label> Nachname *<br \/>\n<span class=\"wpcf7-form-control-wrap\" data-name=\"your-surname\"><input size=\"40\" maxlength=\"400\" class=\"wpcf7-form-control wpcf7-text wpcf7-validates-as-required\" aria-required=\"true\" aria-invalid=\"false\" value=\"\" type=\"text\" name=\"your-surname\" \/><\/span> <\/label>\n\t\t\t<\/p>\n\t\t<\/div>\n\t<\/div>\n\t<div class=\"form-row\">\n\t\t<div class=\"column-half\">\n\t\t\t<p><label> E-Mail-Adresse *<br \/>\n<span class=\"wpcf7-form-control-wrap\" data-name=\"your-email\"><input size=\"40\" maxlength=\"400\" class=\"wpcf7-form-control wpcf7-email wpcf7-validates-as-required wpcf7-text wpcf7-validates-as-email\" aria-required=\"true\" aria-invalid=\"false\" value=\"\" type=\"email\" name=\"your-email\" \/><\/span> <\/label>\n\t\t\t<\/p>\n\t\t<\/div>\n\t\t<div class=\"column-half\">\n\t\t\t<p><label> Telefonnummer *<br \/>\n<span class=\"wpcf7-form-control-wrap\" data-name=\"tel\"><input size=\"40\" maxlength=\"400\" class=\"wpcf7-form-control wpcf7-tel wpcf7-validates-as-required wpcf7-text wpcf7-validates-as-tel\" aria-required=\"true\" aria-invalid=\"false\" value=\"\" type=\"tel\" name=\"tel\" \/><\/span> <\/label>\n\t\t\t<\/p>\n\t\t<\/div>\n\t<\/div>\n\t<div class=\"form-row\">\n\t\t<div class=\"column-full\">\n\t\t\t<p><label> Nachricht *<br \/>\n<span class=\"wpcf7-form-control-wrap\" data-name=\"your-message\"><textarea cols=\"40\" rows=\"10\" maxlength=\"2000\" class=\"wpcf7-form-control wpcf7-textarea wpcf7-validates-as-required\" aria-required=\"true\" aria-invalid=\"false\" name=\"your-message\"><\/textarea><\/span><br \/>\n<\/label>\n\t\t\t<\/p>\n\t\t<\/div>\n\t<\/div>\n\t<div class=\"form-row\">\n\t\t<p><span class=\"wpcf7-form-control-wrap\" data-name=\"privacy\"><span class=\"wpcf7-form-control wpcf7-acceptance\"><span class=\"wpcf7-list-item\"><input type=\"checkbox\" name=\"privacy\" value=\"1\" aria-invalid=\"false\" \/><\/span><\/span><\/span> Ich habe die <a href=\"https:\/\/www.iubenda.com\/privacy-policy\/95096607\" class=\"iubenda-nostyle no-brand iubenda-noiframe iubenda-embed iubenda-noiframe \" title=\"Privacy Policy\">Datenschutzbestimmungen<\/a> gelesen und akzeptiere sie<script type=\"text\/javascript\">(function (w,d) {var loader = function () {var s = d.createElement(\"script\"), tag = d.getElementsByTagName(\"script\")[0]; s.src=\"https:\/\/cdn.iubenda.com\/iubenda.js\"; tag.parentNode.insertBefore(s,tag);}; if(w.addEventListener){w.addEventListener(\"load\", loader, false);}else if(w.attachEvent){w.attachEvent(\"onload\", loader);}else{w.onload = loader;>(window, document);<\/script>\n\t\t<\/p>\n\t<\/div>\n\t<p><input class=\"wpcf7-form-control wpcf7-submit has-spinner\" type=\"submit\" value=\"Senden\" \/>\n\t<\/p>\n<\/div><div class=\"wpcf7-response-output\" aria-hidden=\"true\"><\/div>\n<\/form>\n<\/div>\n\t\t\t\t<\/div>\n\t\t\t\t<\/div>\n\t\t\t\t<\/div>\n\t\t\t\t\t<\/div>\n\t\t\t\t<\/div>\n\t\t<div class=\"elementor-element elementor-element-7583e91 e-con-full e-flex elementor-invisible e-con e-parent\" data-id=\"7583e91\" data-element_type=\"container\" data-e-type=\"container\" data-settings=\"{&quot;animation&quot;:&quot;fadeIn&quot;,&quot;animation_delay&quot;:200}\">\n\t\t\t\t<div class=\"elementor-element elementor-element-27010d2 elementor-widget elementor-widget-html\" data-id=\"27010d2\" data-element_type=\"widget\" data-e-type=\"widget\" data-widget_type=\"html.default\">\n\t\t\t\t<div class=\"elementor-widget-container\">\n\t\t\t\t\t<iframe src=\"https:\/\/www.google.com\/maps\/embed?pb=!1m18!1m12!1m3!1d2476.9708638741754!2d12.993108975894561!3d45.80804857108167!2m3!1f0!2f0!3f0!3m2!1i1024!2i768!4f13.1!3m3!1m2!1s0x477bc2322825ced9%3A0x10a8884f1fa4428d!2sSalumeria%20da%20Albano!5e1!3m2!1sit!2sit!4v1740734320993!5m2!1sit!2sit\" width=\"100%\" height=\"450\" style=\"border:0;\" allowfullscreen=\"\" loading=\"lazy\" referrerpolicy=\"no-referrer-when-downgrade\"><\/iframe>\t\t\t\t<\/div>\n\t\t\t\t<\/div>\n\t\t\t\t<\/div>\n\t\t\t\t<\/div>\n\t\t","protected":false},"excerpt":{"rendered":"<p>Wir sind immer f\u00fcr Sie da Unsere Kontakte Salumeria da Albano Adresse Corso Italia 16, 33050 Ronchis, UD E-Mail-Adresse info@salumeriadaalbano.it Telefonnummer +39 0431 56379 \u00d6ffnungszeiten SOMMERZEIT Montag bis Samstag: 8:00 \u2013 12:30 | 16:00 \u2013 19:30Montag- und Mittwochnachmittag geschlossen.Sonntag geschlossen. WINTERZEITMontag bis Samstag:8:00 \u2013 12:30 | 15:30 \u2013 19:00Montag- und Mittwochnachmittag geschlossen.Sonntag geschlossen. F\u00fcr Informationen [&hellip;]<\/p>\n","protected":false},"author":1,"featured_media":0,"parent":0,"menu_order":0,"comment_status":"closed","ping_status":"closed","template":"elementor_header_footer","meta":{"footnotes":""},"class_list":["post-1225","page","type-page","status-publish","hentry"],"yoast_head":"<!-- This site is optimized with the Yoast SEO plugin v27.3 - https:\/\/yoast.com\/product\/yoast-seo-wordpress\/ -->\n<title>Kontakte - Salumeria da Albano - Eccellenze del gusto artigianale friulano<\/title>\n<meta name=\"robots\" content=\"index, follow, max-snippet:-1, max-image-preview:large, max-video-preview:-1\" \/>\n<link rel=\"canonical\" href=\"https:\/\/salumeriadaalbano.it\/de\/kontakte\/\" \/>\n<meta property=\"og:locale\" content=\"de_DE\" \/>\n<meta property=\"og:type\" content=\"article\" \/>\n<meta property=\"og:title\" content=\"Kontakte - Salumeria da Albano - Eccellenze del gusto artigianale friulano\" \/>\n<meta property=\"og:description\" content=\"Wir sind immer f\u00fcr Sie da Unsere Kontakte Salumeria da Albano Adresse Corso Italia 16, 33050 Ronchis, UD E-Mail-Adresse info@salumeriadaalbano.it Telefonnummer +39 0431 56379 \u00d6ffnungszeiten SOMMERZEIT Montag bis Samstag: 8:00 \u2013 12:30 | 16:00 \u2013 19:30Montag- und Mittwochnachmittag geschlossen.Sonntag geschlossen. WINTERZEITMontag bis Samstag:8:00 \u2013 12:30 | 15:30 \u2013 19:00Montag- und Mittwochnachmittag geschlossen.Sonntag geschlossen. F\u00fcr Informationen [&hellip;]\" \/>\n<meta property=\"og:url\" content=\"https:\/\/salumeriadaalbano.it\/de\/kontakte\/\" \/>\n<meta property=\"og:site_name\" content=\"Salumeria da Albano - Eccellenze del gusto artigianale friulano\" \/>\n<meta property=\"article:modified_time\" content=\"2025-06-11T13:07:10+00:00\" \/>\n<meta name=\"twitter:card\" content=\"summary_large_image\" \/>\n<meta name=\"twitter:label1\" content=\"Gesch\u00e4tzte Lesezeit\" \/>\n\t<meta name=\"twitter:data1\" content=\"1\u00a0Minute\" \/>\n<script type=\"application\/ld+json\" class=\"yoast-schema-graph\">{\"@context\":\"https:\\\/\\\/schema.org\",\"@graph\":[{\"@type\":\"WebPage\",\"@id\":\"https:\\\/\\\/salumeriadaalbano.it\\\/de\\\/kontakte\\\/\",\"url\":\"https:\\\/\\\/salumeriadaalbano.it\\\/de\\\/kontakte\\\/\",\"name\":\"Kontakte - Salumeria da Albano - Eccellenze del gusto artigianale friulano\",\"isPartOf\":{\"@id\":\"https:\\\/\\\/salumeriadaalbano.it\\\/de\\\/#website\"},\"datePublished\":\"2024-11-20T14:13:03+00:00\",\"dateModified\":\"2025-06-11T13:07:10+00:00\",\"breadcrumb\":{\"@id\":\"https:\\\/\\\/salumeriadaalbano.it\\\/de\\\/kontakte\\\/#breadcrumb\"},\"inLanguage\":\"de\",\"potentialAction\":[{\"@type\":\"ReadAction\",\"target\":[\"https:\\\/\\\/salumeriadaalbano.it\\\/de\\\/kontakte\\\/\"]}]},{\"@type\":\"BreadcrumbList\",\"@id\":\"https:\\\/\\\/salumeriadaalbano.it\\\/de\\\/kontakte\\\/#breadcrumb\",\"itemListElement\":[{\"@type\":\"ListItem\",\"position\":1,\"name\":\"Home\",\"item\":\"https:\\\/\\\/salumeriadaalbano.it\\\/de\\\/\"},{\"@type\":\"ListItem\",\"position\":2,\"name\":\"Kontakte\"}]},{\"@type\":\"WebSite\",\"@id\":\"https:\\\/\\\/salumeriadaalbano.it\\\/de\\\/#website\",\"url\":\"https:\\\/\\\/salumeriadaalbano.it\\\/de\\\/\",\"name\":\"Salumeria da Albano - Sapori Autentici del Friuli dal 1961\",\"description\":\"Prodotti tipici friulani selezionati con passione\",\"publisher\":{\"@id\":\"https:\\\/\\\/salumeriadaalbano.it\\\/de\\\/#organization\"},\"potentialAction\":[{\"@type\":\"SearchAction\",\"target\":{\"@type\":\"EntryPoint\",\"urlTemplate\":\"https:\\\/\\\/salumeriadaalbano.it\\\/de\\\/?s={search_term_string}\"},\"query-input\":{\"@type\":\"PropertyValueSpecification\",\"valueRequired\":true,\"valueName\":\"search_term_string\"}}],\"inLanguage\":\"de\"},{\"@type\":\"Organization\",\"@id\":\"https:\\\/\\\/salumeriadaalbano.it\\\/de\\\/#organization\",\"name\":\"Salumeria da Albano\",\"url\":\"https:\\\/\\\/salumeriadaalbano.it\\\/de\\\/\",\"logo\":{\"@type\":\"ImageObject\",\"inLanguage\":\"de\",\"@id\":\"https:\\\/\\\/salumeriadaalbano.it\\\/de\\\/#\\\/schema\\\/logo\\\/image\\\/\",\"url\":\"https:\\\/\\\/salumeriadaalbano.it\\\/wp-content\\\/uploads\\\/2024\\\/11\\\/logo-salumeria-albano.png\",\"contentUrl\":\"https:\\\/\\\/salumeriadaalbano.it\\\/wp-content\\\/uploads\\\/2024\\\/11\\\/logo-salumeria-albano.png\",\"width\":1647,\"height\":1227,\"caption\":\"Salumeria da Albano\"},\"image\":{\"@id\":\"https:\\\/\\\/salumeriadaalbano.it\\\/de\\\/#\\\/schema\\\/logo\\\/image\\\/\"}}]}<\/script>\n<!-- \/ Yoast SEO plugin. -->","yoast_head_json":{"title":"Kontakte - Salumeria da Albano - Eccellenze del gusto artigianale friulano","robots":{"index":"index","follow":"follow","max-snippet":"max-snippet:-1","max-image-preview":"max-image-preview:large","max-video-preview":"max-video-preview:-1"},"canonical":"https:\/\/salumeriadaalbano.it\/de\/kontakte\/","og_locale":"de_DE","og_type":"article","og_title":"Kontakte - Salumeria da Albano - Eccellenze del gusto artigianale friulano","og_description":"Wir sind immer f\u00fcr Sie da Unsere Kontakte Salumeria da Albano Adresse Corso Italia 16, 33050 Ronchis, UD E-Mail-Adresse info@salumeriadaalbano.it Telefonnummer +39 0431 56379 \u00d6ffnungszeiten SOMMERZEIT Montag bis Samstag: 8:00 \u2013 12:30 | 16:00 \u2013 19:30Montag- und Mittwochnachmittag geschlossen.Sonntag geschlossen. WINTERZEITMontag bis Samstag:8:00 \u2013 12:30 | 15:30 \u2013 19:00Montag- und Mittwochnachmittag geschlossen.Sonntag geschlossen. F\u00fcr Informationen [&hellip;]","og_url":"https:\/\/salumeriadaalbano.it\/de\/kontakte\/","og_site_name":"Salumeria da Albano - Eccellenze del gusto artigianale friulano","article_modified_time":"2025-06-11T13:07:10+00:00","twitter_card":"summary_large_image","twitter_misc":{"Gesch\u00e4tzte Lesezeit":"1\u00a0Minute"},"schema":{"@context":"https:\/\/schema.org","@graph":[{"@type":"WebPage","@id":"https:\/\/salumeriadaalbano.it\/de\/kontakte\/","url":"https:\/\/salumeriadaalbano.it\/de\/kontakte\/","name":"Kontakte - Salumeria da Albano - Eccellenze del gusto artigianale friulano","isPartOf":{"@id":"https:\/\/salumeriadaalbano.it\/de\/#website"},"datePublished":"2024-11-20T14:13:03+00:00","dateModified":"2025-06-11T13:07:10+00:00","breadcrumb":{"@id":"https:\/\/salumeriadaalbano.it\/de\/kontakte\/#breadcrumb"},"inLanguage":"de","potentialAction":[{"@type":"ReadAction","target":["https:\/\/salumeriadaalbano.it\/de\/kontakte\/"]}]},{"@type":"BreadcrumbList","@id":"https:\/\/salumeriadaalbano.it\/de\/kontakte\/#breadcrumb","itemListElement":[{"@type":"ListItem","position":1,"name":"Home","item":"https:\/\/salumeriadaalbano.it\/de\/"},{"@type":"ListItem","position":2,"name":"Kontakte"}]},{"@type":"WebSite","@id":"https:\/\/salumeriadaalbano.it\/de\/#website","url":"https:\/\/salumeriadaalbano.it\/de\/","name":"Salumeria da Albano - Sapori Autentici del Friuli dal 1961","description":"Prodotti tipici friulani selezionati con passione","publisher":{"@id":"https:\/\/salumeriadaalbano.it\/de\/#organization"},"potentialAction":[{"@type":"SearchAction","target":{"@type":"EntryPoint","urlTemplate":"https:\/\/salumeriadaalbano.it\/de\/?s={search_term_string}"},"query-input":{"@type":"PropertyValueSpecification","valueRequired":true,"valueName":"search_term_string"}}],"inLanguage":"de"},{"@type":"Organization","@id":"https:\/\/salumeriadaalbano.it\/de\/#organization","name":"Salumeria da Albano","url":"https:\/\/salumeriadaalbano.it\/de\/","logo":{"@type":"ImageObject","inLanguage":"de","@id":"https:\/\/salumeriadaalbano.it\/de\/#\/schema\/logo\/image\/","url":"https:\/\/salumeriadaalbano.it\/wp-content\/uploads\/2024\/11\/logo-salumeria-albano.png","contentUrl":"https:\/\/salumeriadaalbano.it\/wp-content\/uploads\/2024\/11\/logo-salumeria-albano.png","width":1647,"height":1227,"caption":"Salumeria da Albano"},"image":{"@id":"https:\/\/salumeriadaalbano.it\/de\/#\/schema\/logo\/image\/"}}]}},"_links":{"self":[{"href":"https:\/\/salumeriadaalbano.it\/de\/wp-json\/wp\/v2\/pages\/1225","targetHints":{"allow":["GET"]}}],"collection":[{"href":"https:\/\/salumeriadaalbano.it\/de\/wp-json\/wp\/v2\/pages"}],"about":[{"href":"https:\/\/salumeriadaalbano.it\/de\/wp-json\/wp\/v2\/types\/page"}],"author":[{"embeddable":true,"href":"https:\/\/salumeriadaalbano.it\/de\/wp-json\/wp\/v2\/users\/1"}],"replies":[{"embeddable":true,"href":"https:\/\/salumeriadaalbano.it\/de\/wp-json\/wp\/v2\/comments?post=1225"}],"version-history":[{"count":4,"href":"https:\/\/salumeriadaalbano.it\/de\/wp-json\/wp\/v2\/pages\/1225\/revisions"}],"predecessor-version":[{"id":1582,"href":"https:\/\/salumeriadaalbano.it\/de\/wp-json\/wp\/v2\/pages\/1225\/revisions\/1582"}],"wp:attachment":[{"href":"https:\/\/salumeriadaalbano.it\/de\/wp-json\/wp\/v2\/media?parent=1225"}],"curies":[{"name":"wp","href":"https:\/\/api.w.org\/{rel}","templated":true}]}}